{"id":81,"date":"2017-09-18T10:31:17","date_gmt":"2017-09-18T08:31:17","guid":{"rendered":"http:\/\/goumh.edu-desarrollo.umh.es\/?page_id=81"},"modified":"2022-12-22T12:32:59","modified_gmt":"2022-12-22T11:32:59","slug":"3-un-nuevo-correo","status":"publish","type":"page","link":"https:\/\/workspace.umh.es\/en\/que-es-workspace\/3-un-nuevo-correo\/","title":{"rendered":"3 Correo Google Workspace UMH"},"content":{"rendered":"<p>[et_pb_section admin_label=&#8221;Secci\u00f3n&#8221; fullwidth=&#8221;off&#8221; specialty=&#8221;on&#8221;][et_pb_column type=&#8221;1_4&#8243;][et_pb_sidebar admin_label=&#8221;Barra lateral&#8221; orientation=&#8221;left&#8221; area=&#8221;sidebar-1&#8243; background_layout=&#8221;light&#8221; remove_border=&#8221;off&#8221;] [\/et_pb_sidebar][\/et_pb_column][et_pb_column type=&#8221;3_4&#8243; specialty_columns=&#8221;3&#8243;][et_pb_row_inner admin_label=&#8221;Fila&#8221;][et_pb_column_inner type=&#8221;4_4&#8243; saved_specialty_column_type=&#8221;3_4&#8243;][et_pb_text admin_label=&#8221;T\u00edtulo&#8221; background_layout=&#8221;light&#8221; text_orientation=&#8221;left&#8221; use_border_color=&#8221;off&#8221; border_color=&#8221;#ffffff&#8221; border_style=&#8221;solid&#8221;]<\/p>\n<h1><span style=\"color: #000080\"><b>3 Correo GoUMH<\/b><\/span><\/h1>\n<p>[\/et_pb_text][\/et_pb_column_inner][\/et_pb_row_inner][et_pb_row_inner admin_label=&#8221;Fila&#8221; padding_mobile=&#8221;off&#8221; use_custom_gutter=&#8221;off&#8221; column_padding_mobile=&#8221;on&#8221; make_equal=&#8221;off&#8221; parallax_1=&#8221;off&#8221; parallax_method_1=&#8221;off&#8221;][et_pb_column_inner type=&#8221;1_3&#8243; saved_specialty_column_type=&#8221;3_4&#8243;][\/et_pb_column_inner][et_pb_column_inner type=&#8221;1_3&#8243; saved_specialty_column_type=&#8221;3_4&#8243;][et_pb_image admin_label=&#8221;Imagen&#8221; src=&#8221;http:\/\/gsuite.umh.es\/files\/2017\/09\/logogmailumh.jpg&#8221; show_in_lightbox=&#8221;off&#8221; url_new_window=&#8221;off&#8221; use_overlay=&#8221;off&#8221; animation=&#8221;left&#8221; sticky=&#8221;off&#8221; align=&#8221;center&#8221; force_fullwidth=&#8221;off&#8221; always_center_on_mobile=&#8221;on&#8221; use_border_color=&#8221;off&#8221; border_color=&#8221;#ffffff&#8221; border_style=&#8221;solid&#8221; max_width=&#8221;500px&#8221; custom_margin=&#8221;|0px||&#8221;] [\/et_pb_image][\/et_pb_column_inner][et_pb_column_inner type=&#8221;1_3&#8243; saved_specialty_column_type=&#8221;3_4&#8243;][\/et_pb_column_inner][\/et_pb_row_inner][et_pb_row_inner admin_label=&#8221;Fila&#8221;][et_pb_column_inner type=&#8221;4_4&#8243; saved_specialty_column_type=&#8221;3_4&#8243;][et_pb_text admin_label=&#8221;Texto&#8221; background_layout=&#8221;light&#8221; text_orientation=&#8221;left&#8221; use_border_color=&#8221;off&#8221; border_color=&#8221;#ffffff&#8221; border_style=&#8221;solid&#8221; custom_margin=&#8221;|||0px&#8221; custom_padding=&#8221;|||0px&#8221;]<\/p>\n<div style=\"text-align: justify\">GoUmh te proporciona una cuenta de correo @goumh.umh.es<b>\u00a0<span style=\"color: #ffaf00\">con almacenamiento ilimitado<\/span><\/b>, con<b> <\/b>todos los beneficios del correo Gmail (potente antispam, filtros, etiquetas,\u2026)<b>\u00a0<\/b>y acceso a la gesti\u00f3n de todos los recursos de Google.<\/div>\n<p>Adem\u00e1s, debido a la fusi\u00f3n con el Webmail de la universidad, se recibir\u00e1n en el correo GoUMH todos los\u00a0mensajes destinados a cualquier correo proporcionado por la UMH.<\/p>\n<div style=\"text-align: justify\"><span style=\"color: #ffaf00\"><b>\u00a1Ya puedes olvidarte del tama\u00f1o de tu buz\u00f3n y recibir correos de todas tus cuentas, incluidas @umh.es o @alu.umh.es, desde tu cuenta @goumh.umh.es!<\/b><\/span><\/div>\n<p>[\/et_pb_text][\/et_pb_column_inner][\/et_pb_row_inner][et_pb_row_inner admin_label=&#8221;Fila&#8221;][et_pb_column_inner type=&#8221;1_3&#8243; saved_specialty_column_type=&#8221;3_4&#8243;][\/et_pb_column_inner][et_pb_column_inner type=&#8221;1_3&#8243; saved_specialty_column_type=&#8221;3_4&#8243;][et_pb_button admin_label=&#8221;Bot\u00f3n Goumh&#8221; url_new_window=&#8221;on&#8221; button_text=&#8221;Acceder a gmail.goumh.es&#8221; button_alignment=&#8221;center&#8221; background_layout=&#8221;dark&#8221; custom_button=&#8221;on&#8221; button_letter_spacing=&#8221;0&#8243; button_use_icon=&#8221;off&#8221; button_icon_placement=&#8221;right&#8221; button_on_hover=&#8221;on&#8221; button_letter_spacing_hover=&#8221;0&#8243; button_text_color=&#8221;#ffffff&#8221; button_bg_color=&#8221;#ffaf00&#8243; button_border_color=&#8221;#ffaf00&#8243; button_font=&#8221;|on|||&#8221; button_bg_color_hover=&#8221;#dd8500&#8243; button_border_color_hover=&#8221;#dd8500&#8243; button_url=&#8221;gmail.goumh.es&#8221; saved_tabs=&#8221;all&#8221;] [\/et_pb_button][\/et_pb_column_inner][et_pb_column_inner type=&#8221;1_3&#8243; saved_specialty_column_type=&#8221;3_4&#8243;][\/et_pb_column_inner][\/et_pb_row_inner][\/et_pb_column][\/et_pb_section]<\/p>","protected":false},"excerpt":{"rendered":"<p>[et_pb_section admin_label=&#8221;Secci\u00f3n&#8221; fullwidth=&#8221;off&#8221; specialty=&#8221;on&#8221;][et_pb_column type=&#8221;1_4&#8243;][et_pb_sidebar admin_label=&#8221;Barra lateral&#8221; orientation=&#8221;left&#8221; area=&#8221;sidebar-1&#8243; background_layout=&#8221;light&#8221; remove_border=&#8221;off&#8221;] [\/et_pb_sidebar][\/et_pb_column][et_pb_column type=&#8221;3_4&#8243; specialty_columns=&#8221;3&#8243;][et_pb_row_inner admin_label=&#8221;Fila&#8221;][et_pb_column_inner type=&#8221;4_4&#8243; saved_specialty_column_type=&#8221;3_4&#8243;][et_pb_text admin_label=&#8221;T\u00edtulo&#8221; background_layout=&#8221;light&#8221; text_orientation=&#8221;left&#8221; use_border_color=&#8221;off&#8221; border_color=&#8221;#ffffff&#8221; border_style=&#8221;solid&#8221;] 3 Correo GoUMH [\/et_pb_text][\/et_pb_column_inner][\/et_pb_row_inner][et_pb_row_inner admin_label=&#8221;Fila&#8221; padding_mobile=&#8221;off&#8221; use_custom_gutter=&#8221;off&#8221; column_padding_mobile=&#8221;on&#8221; make_equal=&#8221;off&#8221; parallax_1=&#8221;off&#8221; parallax_method_1=&#8221;off&#8221;][et_pb_column_inner&#46;&#46;&#46;<\/p>\n","protected":false},"author":1159,"featured_media":0,"parent":38,"menu_order":3,"comment_status":"closed","ping_status":"closed","template":"","meta":{"_links_to":"","_links_to_target":""},"_links":{"self":[{"href":"https:\/\/workspace.umh.es\/en\/wp-json\/wp\/v2\/pages\/81"}],"collection":[{"href":"https:\/\/workspace.umh.es\/en\/wp-json\/wp\/v2\/pages"}],"about":[{"href":"https:\/\/workspace.umh.es\/en\/wp-json\/wp\/v2\/types\/page"}],"author":[{"embeddable":true,"href":"https:\/\/workspace.umh.es\/en\/wp-json\/wp\/v2\/users\/1159"}],"replies":[{"embeddable":true,"href":"https:\/\/workspace.umh.es\/en\/wp-json\/wp\/v2\/comments?post=81"}],"version-history":[{"count":0,"href":"https:\/\/workspace.umh.es\/en\/wp-json\/wp\/v2\/pages\/81\/revisions"}],"up":[{"embeddable":true,"href":"https:\/\/workspace.umh.es\/en\/wp-json\/wp\/v2\/pages\/38"}],"wp:attachment":[{"href":"https:\/\/workspace.umh.es\/en\/wp-json\/wp\/v2\/media?parent=81"}],"curies":[{"name":"wp","href":"https:\/\/api.w.org\/{rel}","templated":true}]}}