{"id":704,"date":"2017-10-03T09:03:42","date_gmt":"2017-10-03T09:03:42","guid":{"rendered":"http:\/\/goumh.edu-desarrollo.umh.es\/?page_id=704"},"modified":"2022-10-27T11:09:15","modified_gmt":"2022-10-27T09:09:15","slug":"tutoriales-grupos","status":"publish","type":"page","link":"https:\/\/workspace.umh.es\/en\/comunicacion\/grupos\/tutoriales-grupos\/","title":{"rendered":"Tutoriales Grupos"},"content":{"rendered":"<p>[et_pb_section admin_label=&#8221;Secci\u00f3n&#8221; fullwidth=&#8221;off&#8221; specialty=&#8221;on&#8221; transparent_background=&#8221;off&#8221; allow_player_pause=&#8221;off&#8221; inner_shadow=&#8221;off&#8221; parallax=&#8221;off&#8221; parallax_method=&#8221;off&#8221; padding_mobile=&#8221;off&#8221; make_fullwidth=&#8221;on&#8221; use_custom_width=&#8221;off&#8221; width_unit=&#8221;on&#8221; make_equal=&#8221;off&#8221; use_custom_gutter=&#8221;off&#8221; parallax_1=&#8221;off&#8221; parallax_method_1=&#8221;off&#8221; parallax_2=&#8221;off&#8221; parallax_method_2=&#8221;off&#8221;][et_pb_column type=&#8221;1_4&#8243;][et_pb_sidebar admin_label=&#8221;Barra lateral&#8221; orientation=&#8221;left&#8221; area=&#8221;sidebar-1&#8243; background_layout=&#8221;light&#8221; remove_border=&#8221;off&#8221;]<br \/>\n[\/et_pb_sidebar][\/et_pb_column][et_pb_column type=&#8221;3_4&#8243; specialty_columns=&#8221;3&#8243;][et_pb_row_inner admin_label=&#8221;Fila&#8221;][et_pb_column_inner type=&#8221;4_4&#8243; saved_specialty_column_type=&#8221;3_4&#8243;][et_pb_text admin_label=&#8221;Texto&#8221; background_layout=&#8221;light&#8221; text_orientation=&#8221;left&#8221; use_border_color=&#8221;off&#8221; border_color=&#8221;#ffffff&#8221; border_style=&#8221;solid&#8221;]<\/p>\n<h1><span style=\"color: #000080\"><strong>Todo sobre Grupos en GoUmh<\/strong><\/span><\/h1>\n<p>[\/et_pb_text][et_pb_text admin_label=&#8221;Texto&#8221; background_layout=&#8221;light&#8221; text_orientation=&#8221;left&#8221; use_border_color=&#8221;off&#8221; border_color=&#8221;#ffffff&#8221; border_style=&#8221;solid&#8221;]<br \/>\nCon\u00a0<span style=\"color: #ffaf00\"><b>Google Grupos<\/b><\/span>, tu equipo y t\u00fa podr\u00e9is comunicaros y archivar f\u00e1cilmente vuestras conversaciones, crear y dinamizar debates, intercambiar y compartir enlaces, calendarios y archivos,&#8230;<br \/>\n[\/et_pb_text][et_pb_text admin_label=&#8221;Texto&#8221; background_layout=&#8221;light&#8221; text_orientation=&#8221;left&#8221; use_border_color=&#8221;off&#8221; border_color=&#8221;#ffffff&#8221; border_style=&#8221;solid&#8221;]<\/p>\n<h3><img loading=\"lazy\" class=\"alignnone size-full wp-image-65\" src=\"http:\/\/gsuite.umh.es\/files\/2017\/09\/grupos.gif\" alt=\"grupos\" width=\"32\" height=\"32\" \/>\u00a0Google Grupos<\/h3>\n<table style=\"height: 445px\" border=\"0\" width=\"880\" cellspacing=\"1\" cellpadding=\"10\">\n<tbody>\n<tr>\n<td valign=\"top\" bgcolor=\"#e5e5e5\" width=\"50%\">\n<div>\u00a0<img loading=\"lazy\" class=\"alignnone wp-image-1054\" src=\"http:\/\/gsuite.umh.es\/files\/2018\/02\/play-1073616_640-300x300.png\" alt=\"play-1073616_640\" width=\"18\" height=\"18\" srcset=\"https:\/\/workspace.umh.es\/files\/2018\/02\/play-1073616_640-300x300.png 300w, https:\/\/workspace.umh.es\/files\/2018\/02\/play-1073616_640-150x150.png 150w, https:\/\/workspace.umh.es\/files\/2018\/02\/play-1073616_640-160x160.png 160w, https:\/\/workspace.umh.es\/files\/2018\/02\/play-1073616_640-320x320.png 320w, https:\/\/workspace.umh.es\/files\/2018\/02\/play-1073616_640.png 640w\" sizes=\"(max-width: 18px) 100vw, 18px\" \/>\u00a0<a href=\"http:\/\/www.youtube.com\/watch?v=FsxjjX8mUE0&amp;list=PL3F550E5BC302F990\" target=\"_blank\" rel=\"noopener noreferrer\">Introducci\u00f3n a Grupos (GoUmh)<\/a><\/div>\n<div><\/div>\n<div><\/div>\n<\/td>\n<td valign=\"top\" bgcolor=\"#e5e5e5\" width=\"50%\"><b>V\u00eddeo<\/b>. Los grupos te permiten enviar mensajes de correo electr\u00f3nico a todos sus miembros, invitarlos a una reuni\u00f3n o compartir con ellos tus documentos, sitios, v\u00eddeos y calendarios de Google.<\/td>\n<\/tr>\n<tr>\n<td valign=\"top\" bgcolor=\"#e5e5e5\" width=\"50%\"><img loading=\"lazy\" class=\"alignnone wp-image-65\" src=\"http:\/\/gsuite.umh.es\/files\/2017\/09\/grupos.gif\" alt=\"grupos\" width=\"20\" height=\"20\" \/>\u00a0<a href=\"https:\/\/docs.google.com\/document\/d\/1b7559J5-vh9d4J3YLyvE3ztydguOlN9UXFrs1qzJj4o\/edit?usp=sharing\" target=\"_blank\" rel=\"noopener noreferrer\">Todo sobre Grupos de Google<\/a>\u00a0(gu\u00eda sencilla de uso)<\/td>\n<td valign=\"top\" bgcolor=\"#e5e5e5\" width=\"50%\">Una gu\u00eda b\u00e1sica en espa\u00f1ol sobre la funcionalidad de Grupos.<\/td>\n<\/tr>\n<tr>\n<td valign=\"top\" bgcolor=\"#e5e5e5\" width=\"50%\"><img loading=\"lazy\" class=\"alignnone wp-image-65\" src=\"http:\/\/gsuite.umh.es\/files\/2017\/09\/grupos.gif\" alt=\"grupos\" width=\"20\" height=\"20\" \/>\u00a0<a href=\"http:\/\/support.google.com\/groups\/?hl=es\" target=\"_blank\" rel=\"noopener noreferrer\">Gu\u00eda completa Google Grupos (soporte Google)<\/a><\/td>\n<td valign=\"top\" bgcolor=\"#e5e5e5\" width=\"50%\">Accede a la informaci\u00f3n completa sobre Grupos en el soporte &#8211; centro de asistencia de Google.<\/td>\n<\/tr>\n<tr>\n<td valign=\"top\" bgcolor=\"#e5e5e5\" width=\"50%\"><img loading=\"lazy\" class=\"alignnone wp-image-65\" src=\"http:\/\/gsuite.umh.es\/files\/2017\/09\/grupos.gif\" alt=\"grupos\" width=\"20\" height=\"20\" \/>\u00a0Integrar un Grupo (foro) dentro del site<br \/>\n<i><span style=\"color: #0000ff;font-size: medium\"><br \/>\n<\/span><\/i><\/td>\n<td valign=\"top\" bgcolor=\"#e5e5e5\" width=\"50%\">1. Clica editar en la p\u00e1gina del site donde quieres incrustar.<br \/>\n2. Selecciona INSERTAR\/GRUPO<br \/>\n3. Copia en el cuadro de men\u00fa la direcci\u00f3n URL de tu grupo.<\/td>\n<\/tr>\n<\/tbody>\n<\/table>\n<p>[\/et_pb_text][\/et_pb_column_inner][\/et_pb_row_inner][\/et_pb_column][\/et_pb_section]<\/p>","protected":false},"excerpt":{"rendered":"<p>[et_pb_section admin_label=&#8221;Secci\u00f3n&#8221; fullwidth=&#8221;off&#8221; specialty=&#8221;on&#8221; transparent_background=&#8221;off&#8221; allow_player_pause=&#8221;off&#8221; inner_shadow=&#8221;off&#8221; parallax=&#8221;off&#8221; parallax_method=&#8221;off&#8221; padding_mobile=&#8221;off&#8221; make_fullwidth=&#8221;on&#8221; use_custom_width=&#8221;off&#8221; width_unit=&#8221;on&#8221; make_equal=&#8221;off&#8221; use_custom_gutter=&#8221;off&#8221; parallax_1=&#8221;off&#8221; parallax_method_1=&#8221;off&#8221; parallax_2=&#8221;off&#8221; parallax_method_2=&#8221;off&#8221;][et_pb_column type=&#8221;1_4&#8243;][et_pb_sidebar admin_label=&#8221;Barra lateral&#8221; orientation=&#8221;left&#8221; area=&#8221;sidebar-1&#8243; background_layout=&#8221;light&#8221; remove_border=&#8221;off&#8221;] [\/et_pb_sidebar][\/et_pb_column][et_pb_column type=&#8221;3_4&#8243; specialty_columns=&#8221;3&#8243;][et_pb_row_inner admin_label=&#8221;Fila&#8221;][et_pb_column_inner type=&#8221;4_4&#8243; saved_specialty_column_type=&#8221;3_4&#8243;][et_pb_text admin_label=&#8221;Texto&#8221; background_layout=&#8221;light&#8221;&#46;&#46;&#46;<\/p>\n","protected":false},"author":1159,"featured_media":0,"parent":2588,"menu_order":0,"comment_status":"closed","ping_status":"closed","template":"","meta":{"_links_to":"","_links_to_target":""},"_links":{"self":[{"href":"https:\/\/workspace.umh.es\/en\/wp-json\/wp\/v2\/pages\/704"}],"collection":[{"href":"https:\/\/workspace.umh.es\/en\/wp-json\/wp\/v2\/pages"}],"about":[{"href":"https:\/\/workspace.umh.es\/en\/wp-json\/wp\/v2\/types\/page"}],"author":[{"embeddable":true,"href":"https:\/\/workspace.umh.es\/en\/wp-json\/wp\/v2\/users\/1159"}],"replies":[{"embeddable":true,"href":"https:\/\/workspace.umh.es\/en\/wp-json\/wp\/v2\/comments?post=704"}],"version-history":[{"count":0,"href":"https:\/\/workspace.umh.es\/en\/wp-json\/wp\/v2\/pages\/704\/revisions"}],"up":[{"embeddable":true,"href":"https:\/\/workspace.umh.es\/en\/wp-json\/wp\/v2\/pages\/2588"}],"wp:attachment":[{"href":"https:\/\/workspace.umh.es\/en\/wp-json\/wp\/v2\/media?parent=704"}],"curies":[{"name":"wp","href":"https:\/\/api.w.org\/{rel}","templated":true}]}}