{"id":682,"date":"2017-10-03T07:54:14","date_gmt":"2017-10-03T07:54:14","guid":{"rendered":"http:\/\/goumh.edu-desarrollo.umh.es\/?page_id=682"},"modified":"2022-10-28T09:35:46","modified_gmt":"2022-10-28T07:35:46","slug":"tutoriales-gmail","status":"publish","type":"page","link":"https:\/\/workspace.umh.es\/en\/tutoriales\/conoce-uno-a-uno-todos-los-recursos-de-gsuite\/tutoriales-gmail\/","title":{"rendered":"Tutoriales Gmail"},"content":{"rendered":"<p>[et_pb_section admin_label=&#8221;Secci\u00f3n&#8221; fullwidth=&#8221;off&#8221; specialty=&#8221;on&#8221; transparent_background=&#8221;off&#8221; allow_player_pause=&#8221;off&#8221; inner_shadow=&#8221;off&#8221; parallax=&#8221;off&#8221; parallax_method=&#8221;off&#8221; padding_mobile=&#8221;off&#8221; make_fullwidth=&#8221;on&#8221; use_custom_width=&#8221;off&#8221; width_unit=&#8221;on&#8221; make_equal=&#8221;off&#8221; use_custom_gutter=&#8221;off&#8221; parallax_1=&#8221;off&#8221; parallax_method_1=&#8221;off&#8221; parallax_2=&#8221;off&#8221; parallax_method_2=&#8221;off&#8221;][et_pb_column type=&#8221;1_4&#8243;][et_pb_sidebar admin_label=&#8221;Barra lateral&#8221; orientation=&#8221;left&#8221; area=&#8221;sidebar-1&#8243; background_layout=&#8221;light&#8221; remove_border=&#8221;off&#8221;]<br \/>\n&nbsp;<br \/>\n[\/et_pb_sidebar][\/et_pb_column][et_pb_column type=&#8221;3_4&#8243; specialty_columns=&#8221;3&#8243;][et_pb_row_inner admin_label=&#8221;Fila&#8221;][et_pb_column_inner type=&#8221;4_4&#8243; saved_specialty_column_type=&#8221;3_4&#8243;][et_pb_text admin_label=&#8221;Texto&#8221; background_layout=&#8221;light&#8221; text_orientation=&#8221;left&#8221; use_border_color=&#8221;off&#8221; border_color=&#8221;#ffffff&#8221; border_style=&#8221;solid&#8221;]<\/p>\n<h1><span style=\"color: #000080\"><strong>Todo sobre Gmail en GoUmh<\/strong><\/span><\/h1>\n<p>[\/et_pb_text][et_pb_text admin_label=&#8221;Texto&#8221; background_layout=&#8221;light&#8221; text_orientation=&#8221;left&#8221; use_border_color=&#8221;off&#8221; border_color=&#8221;#ffffff&#8221; border_style=&#8221;solid&#8221;]<\/p>\n<p style=\"text-align: justify\">La aplicaci\u00f3n<b>\u00a0<a href=\"http:\/\/gmail.goumh.es\" target=\"_blank\" rel=\"noopener noreferrer\">Gmail<\/a><\/b>\u00a0de Google te permite hacer pr\u00e1cticamente lo mismo que tu antigua aplicaci\u00f3n de correo electr\u00f3nico pero, adem\u00e1s, incorpora potentes funciones y presenta algunas diferencias respecto a tu anterior programa. A continuaci\u00f3n, te ofrecemos algunos recursos para que adquieras un profundo conocimiento de tu nueva aplicaci\u00f3n de correo electr\u00f3nico.<\/p>\n<p>[\/et_pb_text][et_pb_text admin_label=&#8221;Texto&#8221; background_layout=&#8221;light&#8221; text_orientation=&#8221;left&#8221; use_border_color=&#8221;off&#8221; border_color=&#8221;#ffffff&#8221; border_style=&#8221;solid&#8221; custom_margin=&#8221;||-7px|&#8221;]<\/p>\n<h3><img loading=\"lazy\" class=\"alignnone size-full wp-image-64\" src=\"http:\/\/gsuite.umh.es\/files\/2017\/09\/gmail.png\" alt=\"gmail\" width=\"35\" height=\"35\" \/>Gmail<\/h3>\n<p>[\/et_pb_text][et_pb_tabs admin_label=&#8221;Pesta\u00f1as&#8221; use_border_color=&#8221;off&#8221; border_color=&#8221;#ffffff&#8221; border_style=&#8221;solid&#8221;] [et_pb_tab title=&#8221;C\u00f3mo empezar: Conoce las caracter\u00edsticas de Gmail&#8221; tab_font_select=&#8221;default&#8221; tab_font=&#8221;||||&#8221; tab_line_height=&#8221;2em&#8221; tab_line_height_tablet=&#8221;2em&#8221; tab_line_height_phone=&#8221;2em&#8221; body_font_select=&#8221;default&#8221; body_font=&#8221;||||&#8221; body_line_height=&#8221;2em&#8221; body_line_height_tablet=&#8221;2em&#8221; body_line_height_phone=&#8221;2em&#8221;]<\/p>\n<table border=\"0\" width=\"100%\" cellspacing=\"1\" cellpadding=\"10\">\n<tbody>\n<tr>\n<td valign=\"top\" bgcolor=\"#e5e5e5\" width=\"50%\"><img loading=\"lazy\" class=\"alignnone wp-image-1043\" src=\"http:\/\/goumh.edu.umh.es\/wp-content\/uploads\/sites\/1324\/2017\/10\/gmail-1162901_640-300x217.png\" alt=\"gmail-1162901_640\" width=\"20\" height=\"14\" \/>\u00a0<a href=\"http:\/\/de10.com.mx\/cultura-digital\/2016\/03\/31\/10-ventajas-de-gmail-que-seguramente-no-conoces\" target=\"_blank\" rel=\"noopener noreferrer\">Las 10 ventajas de Gmail que no sab\u00edas<\/a><\/td>\n<td valign=\"top\" bgcolor=\"#e5e5e5\" width=\"50%\">Gmail es un servicio de correo electr\u00f3nico f\u00e1cil y eficaz. \u00a1Incluso puede ser divertido!<\/td>\n<\/tr>\n<tr>\n<td valign=\"top\" bgcolor=\"#e5e5e5\" width=\"50%\"><img loading=\"lazy\" class=\"alignnone wp-image-1054\" src=\"http:\/\/gsuite.umh.es\/files\/2018\/02\/play-1073616_640-300x300.png\" alt=\"play-1073616_640\" width=\"18\" height=\"18\" srcset=\"https:\/\/workspace.umh.es\/files\/2018\/02\/play-1073616_640-300x300.png 300w, https:\/\/workspace.umh.es\/files\/2018\/02\/play-1073616_640-150x150.png 150w, https:\/\/workspace.umh.es\/files\/2018\/02\/play-1073616_640-160x160.png 160w, https:\/\/workspace.umh.es\/files\/2018\/02\/play-1073616_640-320x320.png 320w, https:\/\/workspace.umh.es\/files\/2018\/02\/play-1073616_640.png 640w\" sizes=\"(max-width: 18px) 100vw, 18px\" \/>\u00a0Introducci\u00f3n a Gmail<\/p>\n<ul>\n<li><a href=\"http:\/\/www.youtube.com\/watch?v=dVJk2T_zgoc&amp;list=PL3F550E5BC302F990\" target=\"_blank\" rel=\"noopener noreferrer\">V\u00eddeo en espa\u00f1ol<\/a>\u00a0(GoUmh)<\/li>\n<li><a href=\"http:\/\/www.google.com\/support\/enterprise\/static\/gapps\/train\/user\/en\/gapps_deployment_site_videos\/qt\/GmailOverview.mp4\" target=\"_blank\" rel=\"noopener noreferrer\">V\u00eddeo en ingl\u00e9s<\/a>\u00a0<span style=\"font-size: small\">(traducci\u00f3n de subt\u00edtulos activables)<\/span><\/li>\n<\/ul>\n<\/td>\n<td valign=\"top\" bgcolor=\"#e5e5e5\" width=\"50%\"><b>V\u00eddeo.<\/b>\u00a0Disfruta de una visita guiada por la interfaz de Gmail. Consulta el correo nuevo, realiza acciones con los mensajes, chatea con tus contactos online y mucho m\u00e1s.<\/td>\n<\/tr>\n<tr>\n<td valign=\"top\" bgcolor=\"#e5e5e5\" width=\"50%\"><img loading=\"lazy\" class=\"alignnone wp-image-1043\" src=\"http:\/\/goumh.edu.umh.es\/wp-content\/uploads\/sites\/1324\/2017\/10\/gmail-1162901_640-300x217.png\" alt=\"gmail-1162901_640\" width=\"20\" height=\"14\" \/>\u00a0<a href=\"https:\/\/docs.google.com\/document\/pub?id=1OPxPBt8rkmdyJr_cIbjUMu2qpqJdDGMDHRd5ClsNpyI\" target=\"_blank\" rel=\"noopener noreferrer\">Todo sobre el correo Gmail: gu\u00eda sencilla de uso<\/a><\/td>\n<td valign=\"top\" bgcolor=\"#e5e5e5\" width=\"50%\">Conoce todas las peculiaridades que tiene Gmail y las facilidades que te aporta como usuario. Configura tu cuenta, organiza los correos, etiqueta, filtra, utiliza la agenda de contactos y crea listas de distribuci\u00f3n.<\/td>\n<\/tr>\n<tr>\n<td valign=\"top\" bgcolor=\"#e5e5e5\" width=\"50%\"><img loading=\"lazy\" class=\"alignnone wp-image-1043\" src=\"http:\/\/goumh.edu.umh.es\/wp-content\/uploads\/sites\/1324\/2017\/10\/gmail-1162901_640-300x217.png\" alt=\"gmail-1162901_640\" width=\"20\" height=\"14\" \/>\u00a0<a href=\"https:\/\/support.google.com\/mail\/?hl=es\" target=\"_blank\" rel=\"noopener noreferrer\">Gu\u00eda completa Gmail (soporte Google)<\/a><\/td>\n<td valign=\"top\" bgcolor=\"#e5e5e5\" width=\"50%\">Accede a la informaci\u00f3n completa sobre Gmail en el soporte- centro de asistencia de Google.<\/td>\n<\/tr>\n<tr>\n<td valign=\"top\" bgcolor=\"#e5e5e5\" width=\"50%\"><img loading=\"lazy\" class=\"alignnone wp-image-1043\" src=\"http:\/\/goumh.edu.umh.es\/wp-content\/uploads\/sites\/1324\/2017\/10\/gmail-1162901_640-300x217.png\" alt=\"gmail-1162901_640\" width=\"20\" height=\"14\" \/>\u00a0<a href=\"http:\/\/edutraining.googleapps.com\/gmail\" target=\"_blank\" rel=\"noopener noreferrer\">Autoformaci\u00f3n Google Apps: Gmail (en ingl\u00e9s)<\/a><\/td>\n<td valign=\"top\" bgcolor=\"#e5e5e5\" width=\"50%\">Accede al tutorial e-learning del correo Gmail para usuarios de Google Apps.<\/td>\n<\/tr>\n<\/tbody>\n<\/table>\n<p>&nbsp;<br \/>\n&nbsp;<br \/>\n&nbsp;<br \/>\n&nbsp;<br \/>\n&nbsp;<br \/>\n&nbsp;<br \/>\n&nbsp;<br \/>\n&nbsp;<br \/>\n[\/et_pb_tab][et_pb_tab title=&#8221;Cambiar a GoUmh&#8221; tab_font_select=&#8221;default&#8221; tab_font=&#8221;||||&#8221; tab_line_height=&#8221;2em&#8221; tab_line_height_tablet=&#8221;2em&#8221; tab_line_height_phone=&#8221;2em&#8221; body_font_select=&#8221;default&#8221; body_font=&#8221;||||&#8221; body_line_height=&#8221;2em&#8221; body_line_height_tablet=&#8221;2em&#8221; body_line_height_phone=&#8221;2em&#8221;]<\/p>\n<table border=\"0\" width=\"100%\" cellspacing=\"1\" cellpadding=\"10\">\n<tbody>\n<tr>\n<td valign=\"top\" bgcolor=\"#e5e5e5\" width=\"50%\"><img loading=\"lazy\" class=\"alignnone wp-image-1043\" src=\"http:\/\/goumh.edu.umh.es\/wp-content\/uploads\/sites\/1324\/2017\/10\/gmail-1162901_640-300x217.png\" alt=\"gmail-1162901_640\" width=\"20\" height=\"14\" \/>\u00a0<a href=\"https:\/\/docs.google.com\/document\/d\/19SCcGf041D4El97b92Q2XEs5f8TGUxX9RgqEhOFgZY8\/edit#heading=h.1ctk96f4gfou\" target=\"_blank\" rel=\"noopener noreferrer\">Integra tus dos cuentas en la UMH<\/a><\/td>\n<td valign=\"top\" bgcolor=\"#e5e5e5\" width=\"50%\">Aprende c\u00f3mo proceder para mantener y gestionar tus dos cuentas @umh.es y @goumh.es.<\/td>\n<\/tr>\n<tr>\n<td valign=\"top\" bgcolor=\"#e5e5e5\" width=\"50%\"><img loading=\"lazy\" class=\"alignnone wp-image-1043\" src=\"http:\/\/goumh.edu.umh.es\/wp-content\/uploads\/sites\/1324\/2017\/10\/gmail-1162901_640-300x217.png\" alt=\"gmail-1162901_640\" width=\"20\" height=\"14\" \/>\u00a0<a href=\"http:\/\/support.google.com\/mail\/bin\/answer.py?hl=es&amp;answer=21289&amp;ctx=gmail\" target=\"_blank\" rel=\"noopener noreferrer\">C\u00f3mo centralizar el correo de varias cuentas (soporte de Google)<\/a><\/td>\n<td valign=\"top\" bgcolor=\"#e5e5e5\" width=\"50%\">Aprende c\u00f3mo traer otras cuentas a GoUmh y tener todo tu correo centralizado en GoUmh.<\/td>\n<\/tr>\n<\/tbody>\n<\/table>\n<p>&nbsp;<br \/>\n&nbsp;<br \/>\n&nbsp;<br \/>\n&nbsp;<br \/>\n&nbsp;<br \/>\n[\/et_pb_tab][et_pb_tab title=&#8221;M\u00f3vil&#8221; tab_font_select=&#8221;default&#8221; tab_font=&#8221;||||&#8221; tab_line_height=&#8221;2em&#8221; tab_line_height_tablet=&#8221;2em&#8221; tab_line_height_phone=&#8221;2em&#8221; body_font_select=&#8221;default&#8221; body_font=&#8221;||||&#8221; body_line_height=&#8221;2em&#8221; body_line_height_tablet=&#8221;2em&#8221; body_line_height_phone=&#8221;2em&#8221;]<\/p>\n<table border=\"0\" width=\"100%\" cellspacing=\"1\" cellpadding=\"10\">\n<tbody>\n<tr>\n<td valign=\"top\" bgcolor=\"#e5e5e5\" width=\"50%\">\u00a0<img loading=\"lazy\" class=\"alignnone wp-image-1043\" src=\"http:\/\/goumh.edu.umh.es\/wp-content\/uploads\/sites\/1324\/2017\/10\/gmail-1162901_640-300x217.png\" alt=\"gmail-1162901_640\" width=\"20\" height=\"14\" \/>\u00a0<a href=\"http:\/\/goumh.edu.umh.es\/moviles\/\" target=\"_blank\" rel=\"noopener noreferrer\">Configura tu m\u00f3vil con tu correo GoUmh<\/a><\/td>\n<td valign=\"top\" bgcolor=\"#e5e5e5\" width=\"50%\">Puedes acceder a Gmail desde tu tel\u00e9fono m\u00f3vil. Haz clic en el enlace para averiguar c\u00f3mo.<\/td>\n<\/tr>\n<\/tbody>\n<\/table>\n<p>&nbsp;<br \/>\n&nbsp;<br \/>\n&nbsp;<br \/>\n&nbsp;<br \/>\n&nbsp;<br \/>\n&nbsp;<br \/>\n[\/et_pb_tab] [\/et_pb_tabs][\/et_pb_column_inner][\/et_pb_row_inner][\/et_pb_column][\/et_pb_section]<\/p>","protected":false},"excerpt":{"rendered":"<p>[et_pb_section admin_label=&#8221;Secci\u00f3n&#8221; fullwidth=&#8221;off&#8221; specialty=&#8221;on&#8221; transparent_background=&#8221;off&#8221; allow_player_pause=&#8221;off&#8221; inner_shadow=&#8221;off&#8221; parallax=&#8221;off&#8221; parallax_method=&#8221;off&#8221; padding_mobile=&#8221;off&#8221; make_fullwidth=&#8221;on&#8221; use_custom_width=&#8221;off&#8221; width_unit=&#8221;on&#8221; make_equal=&#8221;off&#8221; use_custom_gutter=&#8221;off&#8221; parallax_1=&#8221;off&#8221; parallax_method_1=&#8221;off&#8221; parallax_2=&#8221;off&#8221; parallax_method_2=&#8221;off&#8221;][et_pb_column type=&#8221;1_4&#8243;][et_pb_sidebar admin_label=&#8221;Barra lateral&#8221; orientation=&#8221;left&#8221; area=&#8221;sidebar-1&#8243; background_layout=&#8221;light&#8221; remove_border=&#8221;off&#8221;] &nbsp; [\/et_pb_sidebar][\/et_pb_column][et_pb_column type=&#8221;3_4&#8243; specialty_columns=&#8221;3&#8243;][et_pb_row_inner admin_label=&#8221;Fila&#8221;][et_pb_column_inner type=&#8221;4_4&#8243; saved_specialty_column_type=&#8221;3_4&#8243;][et_pb_text admin_label=&#8221;Texto&#8221;&#46;&#46;&#46;<\/p>\n","protected":false},"author":1159,"featured_media":0,"parent":632,"menu_order":1,"comment_status":"closed","ping_status":"closed","template":"","meta":{"_links_to":"","_links_to_target":""},"_links":{"self":[{"href":"https:\/\/workspace.umh.es\/en\/wp-json\/wp\/v2\/pages\/682"}],"collection":[{"href":"https:\/\/workspace.umh.es\/en\/wp-json\/wp\/v2\/pages"}],"about":[{"href":"https:\/\/workspace.umh.es\/en\/wp-json\/wp\/v2\/types\/page"}],"author":[{"embeddable":true,"href":"https:\/\/workspace.umh.es\/en\/wp-json\/wp\/v2\/users\/1159"}],"replies":[{"embeddable":true,"href":"https:\/\/workspace.umh.es\/en\/wp-json\/wp\/v2\/comments?post=682"}],"version-history":[{"count":0,"href":"https:\/\/workspace.umh.es\/en\/wp-json\/wp\/v2\/pages\/682\/revisions"}],"up":[{"embeddable":true,"href":"https:\/\/workspace.umh.es\/en\/wp-json\/wp\/v2\/pages\/632"}],"wp:attachment":[{"href":"https:\/\/workspace.umh.es\/en\/wp-json\/wp\/v2\/media?parent=682"}],"curies":[{"name":"wp","href":"https:\/\/api.w.org\/{rel}","templated":true}]}}