{"id":1820,"date":"2020-01-30T09:22:26","date_gmt":"2020-01-30T08:22:26","guid":{"rendered":"http:\/\/gsuite.zeus.umh.es\/?page_id=1820"},"modified":"2022-10-27T09:57:40","modified_gmt":"2022-10-27T07:57:40","slug":"g-suite-umh","status":"publish","type":"page","link":"https:\/\/workspace.umh.es\/en\/g-suite-umh\/","title":{"rendered":"G Suite UMH"},"content":{"rendered":"<p>[et_pb_section admin_label=&#8221;section&#8221;][et_pb_row admin_label=&#8221;row&#8221;][et_pb_column type=&#8221;4_4&#8243;][et_pb_text admin_label=&#8221;Texto&#8221; background_layout=&#8221;light&#8221; text_orientation=&#8221;left&#8221; use_border_color=&#8221;off&#8221; border_color=&#8221;#ffffff&#8221; border_style=&#8221;solid&#8221;]<\/p>\n<div id=\"main-content\" class=\"wiki-content\">\n<h1 id=\"title-text\" class=\"with-breadcrumbs\"><a href=\"https:\/\/jira.uji.es\/confluence\/display\/MANUJI\/G+Suite+Apps-UJI\">G Suite Apps-U<\/a>MH<\/h1>\n<p style=\"text-align: justify\">G\u00a0Suite for Education,\u00a0anteriormente\u00a0Google Apps for Education (Gapps UMH), es un conjunto de aplicaciones que nos permite organizar de forma sencilla todo nuestro trabajo, y la comunicaci\u00f3n entre los distintos trabajadores con diversas herramientas para la gesti\u00f3n del correo electr\u00f3nico, mensajer\u00eda instant\u00e1nea, planificaci\u00f3n de reuniones y tareas, generaci\u00f3n de documentos hojas de c\u00e1lculo, etc.<\/p>\n<p style=\"text-align: justify\">El acceso a las aplicaciones se realiza con las credenciales (usuario\/clave) de la cuenta corporativa de la Universidad Miguel Hern\u00e1ndez, pasando necesariamente por el\u00a0adAS | Servicio de Single Sign-On &#8211; UMH corporativo (<a href=\"https:\/\/universite.umh.es\/\">universite.umh.es<\/a>).\u00a0Adem\u00e1s, tambi\u00e9n se pueden usar los\u00a0<a class=\"external-link\" href=\"https:\/\/support.google.com\/a\/answer\/60762?hl=es-419\" rel=\"nofollow\">mecanismos de seguridad que Google\u00a0<\/a>ha implantado.<\/p>\n<div class=\"table-wrap\">\n<table class=\"wrapped relative-table confluenceTable tablesorter tablesorter-default stickyTableHeaders\">\n<colgroup>\n<col \/>\n<col \/>\n<col \/><\/colgroup>\n<thead class=\"tableFloatingHeaderOriginal\">\n<tr class=\"tablesorter-headerRow\">\n<th class=\"highlight-blue confluenceTh tablesorter-header sortableHeader tablesorter-headerUnSorted\" scope=\"col\" data-highlight-colour=\"blue\" data-column=\"0\">\n<div class=\"tablesorter-header-inner\"><strong>Aplicaciones disponibles para la comunidad universitaria<\/strong><\/div>\n<\/th>\n<th class=\"highlight-blue confluenceTh tablesorter-header sortableHeader tablesorter-headerUnSorted\" scope=\"col\" data-highlight-colour=\"blue\" data-column=\"1\">\n<div class=\"tablesorter-header-inner\">Con ayuda en l\u00ednea Google<\/div>\n<\/th>\n<th class=\"highlight-blue confluenceTh tablesorter-header sortableHeader tablesorter-headerUnSorted\" scope=\"col\" data-highlight-colour=\"blue\" data-column=\"2\">\n<div class=\"tablesorter-header-inner\">Con soporte UMH<\/div>\n<\/th>\n<\/tr>\n<\/thead>\n<tbody>\n<tr>\n<td class=\"confluenceTd\" colspan=\"1\">Gmail<\/td>\n<td class=\"confluenceTd\" colspan=\"1\">S\u00ed<\/td>\n<td class=\"confluenceTd\" colspan=\"1\">S\u00ed<\/td>\n<\/tr>\n<tr>\n<td class=\"confluenceTd\" colspan=\"1\">Calendar<\/td>\n<td class=\"confluenceTd\" colspan=\"1\">S\u00ed<\/td>\n<td class=\"confluenceTd\" colspan=\"1\">S\u00ed<\/td>\n<\/tr>\n<tr>\n<td class=\"confluenceTd\" colspan=\"1\">Drive<\/td>\n<td class=\"confluenceTd\" colspan=\"1\">S\u00ed<\/td>\n<td class=\"confluenceTd\" colspan=\"1\">S\u00ed<\/td>\n<\/tr>\n<tr>\n<td class=\"confluenceTd\" colspan=\"1\">Directorio<\/td>\n<td class=\"confluenceTd\" colspan=\"1\">S\u00ed<\/td>\n<td class=\"highlight-red confluenceTd\" colspan=\"1\" data-highlight-colour=\"red\">No<\/td>\n<\/tr>\n<tr>\n<td class=\"confluenceTd\" colspan=\"1\">Groups para empresas<\/td>\n<td class=\"confluenceTd\" colspan=\"1\">S\u00ed<\/td>\n<td class=\"highlight-red confluenceTd\" colspan=\"1\" data-highlight-colour=\"red\">No<\/td>\n<\/tr>\n<tr>\n<td class=\"confluenceTd\" colspan=\"1\">Hangouts Chat<\/td>\n<td class=\"confluenceTd\" colspan=\"1\">S\u00ed<\/td>\n<td class=\"confluenceTd\" colspan=\"1\">S\u00ed<\/td>\n<\/tr>\n<tr>\n<td class=\"confluenceTd\" colspan=\"1\">Hangouts<\/td>\n<td class=\"confluenceTd\" colspan=\"1\">S\u00ed<\/td>\n<td class=\"confluenceTd\" colspan=\"1\">S\u00ed<\/td>\n<\/tr>\n<tr>\n<td class=\"confluenceTd\" colspan=\"1\">Sites\u00a0[*]<\/td>\n<td class=\"confluenceTd\" colspan=\"1\">S\u00ed<\/td>\n<td class=\"confluenceTd\" colspan=\"1\">S\u00ed<\/td>\n<\/tr>\n<tr>\n<td class=\"confluenceTd\" colspan=\"1\">Classroom<\/td>\n<td class=\"confluenceTd\" colspan=\"1\">S\u00ed<\/td>\n<td class=\"highlight-red confluenceTd\" colspan=\"1\" data-highlight-colour=\"red\">No<\/td>\n<\/tr>\n<tr>\n<td class=\"confluenceTd\" colspan=\"1\">Contactos<\/td>\n<td class=\"confluenceTd\" colspan=\"1\">S\u00ed<\/td>\n<td class=\"highlight-red confluenceTd\" colspan=\"1\" data-highlight-colour=\"red\">No<\/td>\n<\/tr>\n<tr>\n<td class=\"confluenceTd\" colspan=\"1\">Keep<\/td>\n<td class=\"confluenceTd\" colspan=\"1\">S\u00ed<\/td>\n<td class=\"highlight-red confluenceTd\" colspan=\"1\" data-highlight-colour=\"red\">No<\/td>\n<\/tr>\n<tr>\n<td class=\"confluenceTd\" colspan=\"1\">Jamboard<\/td>\n<td class=\"confluenceTd\" colspan=\"1\">S\u00ed<\/td>\n<td class=\"highlight-red confluenceTd\" colspan=\"1\" data-highlight-colour=\"red\">No<\/td>\n<\/tr>\n<tr>\n<td class=\"confluenceTd\" colspan=\"1\">Sincronizaci\u00f3n Google Chrome<\/td>\n<td class=\"confluenceTd\" colspan=\"1\">S\u00ed<\/td>\n<td class=\"highlight-red confluenceTd\" colspan=\"1\" data-highlight-colour=\"red\">No<\/td>\n<\/tr>\n<tr>\n<td class=\"confluenceTd\" colspan=\"1\">Google+<\/td>\n<td class=\"confluenceTd\" colspan=\"1\">S\u00ed<\/td>\n<td class=\"highlight-red confluenceTd\" colspan=\"1\" data-highlight-colour=\"red\">No<\/td>\n<\/tr>\n<tr>\n<td class=\"confluenceTd\" colspan=\"1\">Google Groups<\/td>\n<td class=\"highlight-red confluenceTd\" colspan=\"1\" data-highlight-colour=\"red\">No<\/td>\n<td class=\"confluenceTd\" colspan=\"1\">S\u00ed<\/td>\n<\/tr>\n<\/tbody>\n<\/table>\n<\/div>\n<p>&nbsp;<br \/>\n<strong>Aplicaciones\u00a0<strong>de las G Suite\u00a0<\/strong>activadas para la comunidad\u00a0<strong>UMH\u00a0<\/strong>pero\u00a0fuera de soporte<\/strong><\/p>\n<ul>\n<li>Actividad Web y Aplicaciones<\/li>\n<li>Alertas Google<\/li>\n<li>Blogger<\/li>\n<li>B\u00fasqueda personalizada Google<\/li>\n<li>Google Analytics<\/li>\n<li>Google Bookmarks<\/li>\n<li>Google Earth<\/li>\n<li>Google Fotos<\/li>\n<li>Google Mapsals espais<\/li>\n<li>Google Play<\/li>\n<li>Google Search Console<\/li>\n<li>Google Takeout<\/li>\n<li>Historial ubicaciones<\/li>\n<li>Partner Dash<\/li>\n<li>Perfiles acad\u00e9micos<\/li>\n<li>Youtube<\/li>\n<li>Drive (App local) \u2013 FileStream<\/li>\n<\/ul>\n<div class=\"confluence-information-macro confluence-information-macro-warning conf-macro output-block\" data-hasbody=\"true\" data-macro-name=\"warning\">\n<p class=\"title\">[box type=&#8221;warning&#8221;] <strong>[*] <\/strong><span style=\"color: #000000\"><strong>AVISO:<\/strong> El Servicio de Innovaci\u00f3n NO da ning\u00fan tipo de soporte a los espacios cedidos ofrecidos por Google Site.<\/span>[\/box]<\/p>\n<\/div>\n<div class=\"confluence-information-macro confluence-information-macro-information conf-macro output-block\" data-hasbody=\"true\" data-macro-name=\"info\">\n<div class=\"confluence-information-macro-body\">\n<ul>\n<li><a class=\"external-link\" href=\"https:\/\/policies.google.com\/terms?hl=es\" rel=\"nofollow\">Privacidad y condiciones<\/a>\u00a0(General)<\/li>\n<li><a class=\"external-link\" href=\"https:\/\/ssl.gstatic.com\/chrome\/webstore\/intl\/es\/gallery_tos.html\" rel=\"nofollow\">Condiciones de servicio de Chrome Web Store<\/a><\/li>\n<li><a class=\"external-link\" href=\"https:\/\/support.google.com\/customsearch\/answer\/1714300\" rel=\"nofollow\">Condiciones del servicio de CSE<\/a><\/li>\n<li><a class=\"external-link\" href=\"https:\/\/www.google.com\/adsense\/new\/localized-terms?gsessionid=qRgF_7Ix5W0-WGjX4z6pbyZJu1N7YXs4\" rel=\"nofollow\">Condiciones de servicio online de AdSense<\/a><\/li>\n<li><a class=\"external-link\" href=\"https:\/\/cloud.google.com\/terms\/\" rel=\"nofollow\">T\u00e9rminos de servicio de Google Cloud Platform<\/a><\/li>\n<li><a class=\"external-link\" href=\"https:\/\/www.google.com\/intl\/en\/help\/terms_maps\/\" rel=\"nofollow\">Condiciones de servicio adicionales de Google Maps \/ Google Earth<\/a><\/li>\n<li><a class=\"external-link\" href=\"https:\/\/play.google.com\/intl\/es\/about\/play-terms.html\" rel=\"nofollow\">Condiciones de servicio de Google Play<\/a><\/li>\n<\/ul>\n<\/div>\n<\/div>\n<\/div>\n<p>[\/et_pb_text][\/et_pb_column][\/et_pb_row][\/et_pb_section]<\/p>","protected":false},"excerpt":{"rendered":"<p>[et_pb_section admin_label=&#8221;section&#8221;][et_pb_row admin_label=&#8221;row&#8221;][et_pb_column type=&#8221;4_4&#8243;][et_pb_text admin_label=&#8221;Texto&#8221; background_layout=&#8221;light&#8221; text_orientation=&#8221;left&#8221; use_border_color=&#8221;off&#8221; border_color=&#8221;#ffffff&#8221; border_style=&#8221;solid&#8221;] G Suite Apps-UMH G\u00a0Suite for Education,\u00a0anteriormente\u00a0Google Apps for Education (Gapps UMH), es un conjunto de aplicaciones que nos permite organizar de forma sencilla todo&#46;&#46;&#46;<\/p>\n","protected":false},"author":3,"featured_media":0,"parent":0,"menu_order":0,"comment_status":"open","ping_status":"open","template":"","meta":{"_links_to":"","_links_to_target":""},"_links":{"self":[{"href":"https:\/\/workspace.umh.es\/en\/wp-json\/wp\/v2\/pages\/1820"}],"collection":[{"href":"https:\/\/workspace.umh.es\/en\/wp-json\/wp\/v2\/pages"}],"about":[{"href":"https:\/\/workspace.umh.es\/en\/wp-json\/wp\/v2\/types\/page"}],"author":[{"embeddable":true,"href":"https:\/\/workspace.umh.es\/en\/wp-json\/wp\/v2\/users\/3"}],"replies":[{"embeddable":true,"href":"https:\/\/workspace.umh.es\/en\/wp-json\/wp\/v2\/comments?post=1820"}],"version-history":[{"count":0,"href":"https:\/\/workspace.umh.es\/en\/wp-json\/wp\/v2\/pages\/1820\/revisions"}],"wp:attachment":[{"href":"https:\/\/workspace.umh.es\/en\/wp-json\/wp\/v2\/media?parent=1820"}],"curies":[{"name":"wp","href":"https:\/\/api.w.org\/{rel}","templated":true}]}}