{"id":1461,"date":"2017-10-02T07:29:02","date_gmt":"2017-10-02T07:29:02","guid":{"rendered":"http:\/\/goumh.edu-desarrollo.umh.es\/?page_id=552"},"modified":"2022-10-27T10:08:18","modified_gmt":"2022-10-27T08:08:18","slug":"vente-a-goumh-con-un-gran-buzon-de-correo","status":"publish","type":"page","link":"https:\/\/workspace.umh.es\/en\/profesor\/vente-a-goumh-con-un-gran-buzon-de-correo\/","title":{"rendered":"6 Tu correo G Suite UMH"},"content":{"rendered":"<p>[et_pb_section admin_label=&#8221;Secci\u00f3n&#8221; fullwidth=&#8221;off&#8221; specialty=&#8221;on&#8221; transparent_background=&#8221;off&#8221; allow_player_pause=&#8221;off&#8221; inner_shadow=&#8221;off&#8221; parallax=&#8221;off&#8221; parallax_method=&#8221;off&#8221; padding_mobile=&#8221;off&#8221; make_fullwidth=&#8221;on&#8221; use_custom_width=&#8221;off&#8221; width_unit=&#8221;on&#8221; make_equal=&#8221;off&#8221; use_custom_gutter=&#8221;off&#8221; parallax_1=&#8221;off&#8221; parallax_method_1=&#8221;off&#8221; parallax_2=&#8221;off&#8221; parallax_method_2=&#8221;off&#8221;][et_pb_column type=&#8221;1_4&#8243;][et_pb_sidebar admin_label=&#8221;Barra lateral&#8221; orientation=&#8221;left&#8221; area=&#8221;sidebar-1&#8243; background_layout=&#8221;light&#8221; remove_border=&#8221;off&#8221;]<br \/>\n[\/et_pb_sidebar][\/et_pb_column][et_pb_column type=&#8221;3_4&#8243; specialty_columns=&#8221;3&#8243;][et_pb_row_inner admin_label=&#8221;Fila&#8221;][et_pb_column_inner type=&#8221;4_4&#8243; saved_specialty_column_type=&#8221;3_4&#8243;][et_pb_text admin_label=&#8221;Texto&#8221; background_layout=&#8221;light&#8221; text_orientation=&#8221;left&#8221; use_border_color=&#8221;off&#8221; border_color=&#8221;#ffffff&#8221; border_style=&#8221;solid&#8221;]<\/p>\n<h1><span style=\"color: #000080\"><b>6. Tu correo GoUMH<\/b><\/span><\/h1>\n<p>[\/et_pb_text][\/et_pb_column_inner][\/et_pb_row_inner][et_pb_row_inner admin_label=&#8221;Fila&#8221;][et_pb_column_inner type=&#8221;1_2&#8243; saved_specialty_column_type=&#8221;3_4&#8243;][et_pb_text admin_label=&#8221;Texto&#8221; background_layout=&#8221;light&#8221; text_orientation=&#8221;left&#8221; use_border_color=&#8221;off&#8221; border_color=&#8221;#ffffff&#8221; border_style=&#8221;solid&#8221;]<\/p>\n<p style=\"text-align: justify\"><span style=\"color: #ffaf00\"><strong>GoUmh<\/strong><\/span> no es s\u00f3lo una cuenta m\u00e1s de correo. Supone el acceso a interesantes y numerosos recursos de colaboraci\u00f3n y comunicaci\u00f3n online, accesibles a trav\u00e9s de una nueva cuenta de correo\u00a0<b>@goumh.umh.es\u00a0<\/b>(simplificada como @goumh.es),\u00a0<span style=\"color: #a64d79\"><b><i>accesible con tu mismo nombre de usuario y contrase\u00f1a de tu cuenta habitual en la UMH<\/i><\/b>,<\/span>\u00a0\u00a0pero<b>\u00a0con almacenamiento ilimitado.<\/b><\/p>\n<div>\n<div style=\"text-align: justify\"><b>\u00a0<\/b><\/div>\n<div style=\"text-align: justify\"><span style=\"color: #ffaf00\"><b><span style=\"font-size: large\"><a style=\"color: #ffaf00\">\u00bfPOR QU\u00c9 y PARA QU\u00c9 &#8220;GoUmh&#8221;?<\/a><\/span><\/b><\/span><\/div>\n<div style=\"text-align: justify\">\n<div>\n<div>Sin perder tu cuenta @umh.es, te proponemos:<\/div>\n<div><\/div>\n<p>&nbsp;<\/p>\n<div><span style=\"color: #ff9900\"><img loading=\"lazy\" class=\"wp-image-255 alignnone\" src=\"http:\/\/gsuite.umh.es\/files\/2017\/09\/opcion1.jpg\" alt=\"opcion1\" width=\"35\" height=\"35\" \/>\u00a0<\/span>Accede a GoUmh\u00a0en\u00a0<a href=\"http:\/\/gmail.goumh.es\" target=\"_blank\" rel=\"noopener noreferrer\">gmail.goumh.es<\/a>\u00a0y\u00a0<b>activa tu cuenta @goumh.es<\/b>, aceptando las ventajosas condiciones de servicio que la UMH ha firmado con Google.<\/div>\n<div><\/div>\n<p>&nbsp;<\/p>\n<div>\n<b><span style=\"color: #ff9900\"><img loading=\"lazy\" class=\"wp-image-262 alignnone\" src=\"http:\/\/gsuite.umh.es\/files\/2017\/09\/opcion2.jpg\" alt=\"opcion2\" width=\"35\" height=\"35\" \/>\u00a0<\/span><\/b><b>Configura tus dos cuentas en la UMH<\/b>. Puedes:<\/p>\n<ul>\n<li>\u00a0redireccionar todos tus correos, contactos y calendario a GoUmh, y olvidarte para siempre de vaciar tu buz\u00f3n,<\/li>\n<li>o seguir usando ambas cuentas en paralelo, reservando GoUmh para la docencia.<\/li>\n<\/ul>\n<\/div>\n<\/div>\n<\/div>\n<\/div>\n<p>[\/et_pb_text][et_pb_blurb admin_label=&#8221;Anuncio&#8221; url_new_window=&#8221;off&#8221; use_icon=&#8221;on&#8221; font_icon=&#8221;%%277%%&#8221; icon_color=&#8221;#ffaf00&#8243; use_circle=&#8221;on&#8221; circle_color=&#8221;#ffffff&#8221; use_circle_border=&#8221;on&#8221; circle_border_color=&#8221;#ffaf00&#8243; icon_placement=&#8221;left&#8221; animation=&#8221;off&#8221; background_layout=&#8221;light&#8221; text_orientation=&#8221;left&#8221; use_icon_font_size=&#8221;off&#8221; use_border_color=&#8221;on&#8221; border_color=&#8221;#ffaf00&#8243; border_style=&#8221;solid&#8221; background_color=&#8221;#ffffff&#8221; custom_padding=&#8221;10px|10px|10px|10px&#8221; border_width=&#8221;2&#8243; custom_css_main_element=&#8221;border-radius:2px;&#8221;]<\/p>\n<div style=\"text-align: justify\">Desde GoUmh podr\u00e1s acceder a toda tu agenda y correo a trav\u00e9s de internet y desde cualquier lugar, aprovecharte del potente anti-spam de Gmail, organiza tu correo con etiquetas y filtros.<\/div>\n<p>[\/et_pb_blurb][\/et_pb_column_inner][et_pb_column_inner type=&#8221;1_2&#8243; saved_specialty_column_type=&#8221;3_4&#8243;][et_pb_text admin_label=&#8221;Texto&#8221; background_layout=&#8221;light&#8221; text_orientation=&#8221;center&#8221; use_border_color=&#8221;off&#8221; border_color=&#8221;#ffffff&#8221; border_style=&#8221;solid&#8221;]<br \/>\n<a href=\"http:\/\/gmail.goumh.es\" target=\"_blank\" rel=\"noopener noreferrer\"><img loading=\"lazy\" class=\"alignnone wp-image-295 size-medium aligncenter\" src=\"http:\/\/gsuite.umh.es\/files\/2017\/09\/logogmailumh-300x227.jpg\" alt=\"logogmailumh\" width=\"300\" height=\"227\" srcset=\"https:\/\/workspace.umh.es\/files\/2017\/09\/logogmailumh-300x227.jpg 300w, https:\/\/workspace.umh.es\/files\/2017\/09\/logogmailumh-768x582.jpg 768w, https:\/\/workspace.umh.es\/files\/2017\/09\/logogmailumh-1024x776.jpg 1024w, https:\/\/workspace.umh.es\/files\/2017\/09\/logogmailumh.jpg 1280w\" sizes=\"(max-width: 300px) 100vw, 300px\" \/><\/a><br \/>\n[\/et_pb_text][et_pb_blurb admin_label=&#8221;Anuncio&#8221; title=&#8221;PARA LA AUTENTICACI\u00d3N EN GoUmh:&#8221; url_new_window=&#8221;off&#8221; use_icon=&#8221;on&#8221; font_icon=&#8221;%%57%%&#8221; icon_color=&#8221;#ffaf00&#8243; use_circle=&#8221;on&#8221; circle_color=&#8221;#ffffff&#8221; use_circle_border=&#8221;on&#8221; circle_border_color=&#8221;#ffaf00&#8243; icon_placement=&#8221;left&#8221; animation=&#8221;top&#8221; background_layout=&#8221;light&#8221; text_orientation=&#8221;left&#8221; use_icon_font_size=&#8221;off&#8221; use_border_color=&#8221;off&#8221; border_color=&#8221;#ffffff&#8221; border_style=&#8221;solid&#8221; custom_padding=&#8221;30px|||&#8221;]<br \/>\nTe pedir\u00e1 tu nombre de usuario (el de tu correo electr\u00f3nico) y contrase\u00f1a.<br \/>\n<img loading=\"lazy\" class=\"alignnone size-medium wp-image-275\" src=\"http:\/\/gsuite.umh.es\/files\/2017\/09\/accesouniversite-220x300.jpg\" alt=\"accesouniversite\" width=\"220\" height=\"300\" srcset=\"https:\/\/workspace.umh.es\/files\/2017\/09\/accesouniversite-220x300.jpg 220w, https:\/\/workspace.umh.es\/files\/2017\/09\/accesouniversite.jpg 326w\" sizes=\"(max-width: 220px) 100vw, 220px\" \/><br \/>\n<i><b>Ejemplo<\/b>: Si tu cuenta de correo en la umh es<\/i><\/p>\n<ul>\n<li><i>pedro.martinez@umh.es\u00a0<\/i><\/li>\n<\/ul>\n<p>Tendr\u00e1s que autenticarte con:<br \/>\n<strong>USUARIO<\/strong>: pedro.martinez<br \/>\n<strong>CONTRASE\u00d1A:<\/strong> la habitual para entrar en tu correo umh<br \/>\n[\/et_pb_blurb][\/et_pb_column_inner][\/et_pb_row_inner][\/et_pb_column][\/et_pb_section]<\/p>","protected":false},"excerpt":{"rendered":"<p>[et_pb_section admin_label=&#8221;Secci\u00f3n&#8221; fullwidth=&#8221;off&#8221; specialty=&#8221;on&#8221; transparent_background=&#8221;off&#8221; allow_player_pause=&#8221;off&#8221; inner_shadow=&#8221;off&#8221; parallax=&#8221;off&#8221; parallax_method=&#8221;off&#8221; padding_mobile=&#8221;off&#8221; make_fullwidth=&#8221;on&#8221; use_custom_width=&#8221;off&#8221; width_unit=&#8221;on&#8221; make_equal=&#8221;off&#8221; use_custom_gutter=&#8221;off&#8221; parallax_1=&#8221;off&#8221; parallax_method_1=&#8221;off&#8221; parallax_2=&#8221;off&#8221; parallax_method_2=&#8221;off&#8221;][et_pb_column type=&#8221;1_4&#8243;][et_pb_sidebar admin_label=&#8221;Barra lateral&#8221; orientation=&#8221;left&#8221; area=&#8221;sidebar-1&#8243; background_layout=&#8221;light&#8221; remove_border=&#8221;off&#8221;] [\/et_pb_sidebar][\/et_pb_column][et_pb_column type=&#8221;3_4&#8243; specialty_columns=&#8221;3&#8243;][et_pb_row_inner admin_label=&#8221;Fila&#8221;][et_pb_column_inner type=&#8221;4_4&#8243; saved_specialty_column_type=&#8221;3_4&#8243;][et_pb_text admin_label=&#8221;Texto&#8221; background_layout=&#8221;light&#8221;&#46;&#46;&#46;<\/p>\n","protected":false},"author":1159,"featured_media":0,"parent":43,"menu_order":6,"comment_status":"closed","ping_status":"closed","template":"","meta":{"_links_to":"","_links_to_target":""},"_links":{"self":[{"href":"https:\/\/workspace.umh.es\/en\/wp-json\/wp\/v2\/pages\/1461"}],"collection":[{"href":"https:\/\/workspace.umh.es\/en\/wp-json\/wp\/v2\/pages"}],"about":[{"href":"https:\/\/workspace.umh.es\/en\/wp-json\/wp\/v2\/types\/page"}],"author":[{"embeddable":true,"href":"https:\/\/workspace.umh.es\/en\/wp-json\/wp\/v2\/users\/1159"}],"replies":[{"embeddable":true,"href":"https:\/\/workspace.umh.es\/en\/wp-json\/wp\/v2\/comments?post=1461"}],"version-history":[{"count":0,"href":"https:\/\/workspace.umh.es\/en\/wp-json\/wp\/v2\/pages\/1461\/revisions"}],"up":[{"embeddable":true,"href":"https:\/\/workspace.umh.es\/en\/wp-json\/wp\/v2\/pages\/43"}],"wp:attachment":[{"href":"https:\/\/workspace.umh.es\/en\/wp-json\/wp\/v2\/media?parent=1461"}],"curies":[{"name":"wp","href":"https:\/\/api.w.org\/{rel}","templated":true}]}}