{"id":1452,"date":"2017-09-29T10:48:17","date_gmt":"2017-09-29T10:48:17","guid":{"rendered":"http:\/\/goumh.edu-desarrollo.umh.es\/?page_id=510"},"modified":"2020-01-30T10:49:55","modified_gmt":"2020-01-30T09:49:55","slug":"evalua-y-haz-encuestas-online","status":"publish","type":"page","link":"https:\/\/workspace.umh.es\/en\/profesor\/evalua-y-haz-encuestas-online\/","title":{"rendered":"3 Eval\u00faa online"},"content":{"rendered":"<p>[et_pb_section admin_label=&#8221;Secci\u00f3n&#8221; fullwidth=&#8221;off&#8221; specialty=&#8221;on&#8221;][et_pb_column type=&#8221;1_4&#8243;][et_pb_sidebar admin_label=&#8221;Barra lateral&#8221; orientation=&#8221;left&#8221; area=&#8221;sidebar-1&#8243; background_layout=&#8221;light&#8221; remove_border=&#8221;off&#8221;]<br \/>\n&nbsp;<br \/>\n[\/et_pb_sidebar][\/et_pb_column][et_pb_column type=&#8221;3_4&#8243; specialty_columns=&#8221;3&#8243;][et_pb_row_inner admin_label=&#8221;Fila&#8221;][et_pb_column_inner type=&#8221;4_4&#8243; saved_specialty_column_type=&#8221;3_4&#8243;][et_pb_text admin_label=&#8221;Texto&#8221; background_layout=&#8221;light&#8221; text_orientation=&#8221;left&#8221; use_border_color=&#8221;off&#8221; border_color=&#8221;#ffffff&#8221; border_style=&#8221;solid&#8221;]<\/p>\n<h1><span style=\"font-size: x-large;color: #000080\"><b>3. Eval\u00faa y haz encuestas online<\/b><\/span><\/h1>\n<p>[\/et_pb_text][et_pb_text admin_label=&#8221;Texto&#8221; background_layout=&#8221;light&#8221; text_orientation=&#8221;left&#8221; use_border_color=&#8221;off&#8221; border_color=&#8221;#ffffff&#8221; border_style=&#8221;solid&#8221;]<\/p>\n<div>Para evaluar y hacer encuestas dispones de varios recursos.<\/div>\n<p>Accede al\u00a0<b><a href=\"https:\/\/docs.google.com\/document\/d\/1ksUm2yHp3vTvabq2rerx13weWGPlT9E4YRPJHwgEsuU\/edit\" target=\"_blank\" rel=\"noopener noreferrer\">documento de ayuda<\/a>\u00a0<\/b>completo\u00a0o elige a continuaci\u00f3n qu\u00e9 deseas hacer :<\/p>\n<div><\/div>\n<p>&nbsp;<\/p>\n<div>\n<p dir=\"ltr\"><strong><span style=\"font-size: medium\"><a href=\"https:\/\/docs.google.com\/a\/goumh.umh.es\/document\/d\/1ksUm2yHp3vTvabq2rerx13weWGPlT9E4YRPJHwgEsuU\/edit#heading=h.mw540qm2sjks\" target=\"_blank\" rel=\"noopener noreferrer\">1. Una encuesta de conocimientos previos, satisfacci\u00f3n o de interacci\u00f3n en clase y visualizar inmediatamente los resultados.<\/a><\/span><\/strong><\/p>\n<p dir=\"ltr\"><strong><span style=\"font-size: medium\"><a href=\"https:\/\/docs.google.com\/a\/goumh.umh.es\/document\/d\/1ksUm2yHp3vTvabq2rerx13weWGPlT9E4YRPJHwgEsuU\/edit#heading=h.yu8lxp8i8j4y\" target=\"_blank\" rel=\"noopener noreferrer\">2. Una prueba de evaluaci\u00f3n online tipo test<\/a><\/span><\/strong><\/p>\n<p dir=\"ltr\" style=\"padding-left: 30px\"><strong><span style=\"font-size: medium\"><a href=\"https:\/\/docs.google.com\/a\/goumh.umh.es\/document\/d\/1ksUm2yHp3vTvabq2rerx13weWGPlT9E4YRPJHwgEsuU\/edit#heading=h.by6sqnr0y780\" target=\"_blank\" rel=\"noopener noreferrer\">En GoUmh<\/a><\/span><\/strong><\/p>\n<p dir=\"ltr\" style=\"padding-left: 30px\">\n<\/div>\n<p>&nbsp;<\/p>\n<div><b><span style=\"text-decoration: underline\">RECURSOS DE EVALUACI\u00d3N\u00a0<\/span><\/b><\/div>\n<div><\/div>\n<div><b>Formularios de Drive.<\/b>\u00a0Crea f\u00e1cilmente cuestionarios, env\u00edalos a quien t\u00fa quieras y recibe simult\u00e1neamente todas las respuestas en una hoja de c\u00e1lculo para poder analizar las respuestas.<\/div>\n<div>\n<p dir=\"ltr\">Grupos: Prop\u00f3n una encuesta o evaluaci\u00f3n a trav\u00e9s de los GRUPOS de asignaturas.<\/p>\n<\/div>\n<div><b>Otros recursos de evaluaci\u00f3n web UMH<\/b>:<a href=\"http:\/\/innovacion-docente.umh.es\/recursos-web-para-la-docencia\/recursos-de-evaluacion-web\/\" target=\"_blank\" rel=\"noopener noreferrer\">\u00a0Tareas y Ex\u00e1menes Online<\/a>.<\/div>\n<p>[\/et_pb_text][\/et_pb_column_inner][\/et_pb_row_inner][\/et_pb_column][\/et_pb_section]<\/p>","protected":false},"excerpt":{"rendered":"<p>[et_pb_section admin_label=&#8221;Secci\u00f3n&#8221; fullwidth=&#8221;off&#8221; specialty=&#8221;on&#8221;][et_pb_column type=&#8221;1_4&#8243;][et_pb_sidebar admin_label=&#8221;Barra lateral&#8221; orientation=&#8221;left&#8221; area=&#8221;sidebar-1&#8243; background_layout=&#8221;light&#8221; remove_border=&#8221;off&#8221;] &nbsp; [\/et_pb_sidebar][\/et_pb_column][et_pb_column type=&#8221;3_4&#8243; specialty_columns=&#8221;3&#8243;][et_pb_row_inner admin_label=&#8221;Fila&#8221;][et_pb_column_inner type=&#8221;4_4&#8243; saved_specialty_column_type=&#8221;3_4&#8243;][et_pb_text admin_label=&#8221;Texto&#8221; background_layout=&#8221;light&#8221; text_orientation=&#8221;left&#8221; use_border_color=&#8221;off&#8221; border_color=&#8221;#ffffff&#8221; border_style=&#8221;solid&#8221;] 3. Eval\u00faa y haz encuestas online [\/et_pb_text][et_pb_text admin_label=&#8221;Texto&#8221; background_layout=&#8221;light&#8221; text_orientation=&#8221;left&#8221;&#46;&#46;&#46;<\/p>\n","protected":false},"author":1159,"featured_media":0,"parent":43,"menu_order":3,"comment_status":"closed","ping_status":"closed","template":"","meta":{"_links_to":"","_links_to_target":""},"_links":{"self":[{"href":"https:\/\/workspace.umh.es\/en\/wp-json\/wp\/v2\/pages\/1452"}],"collection":[{"href":"https:\/\/workspace.umh.es\/en\/wp-json\/wp\/v2\/pages"}],"about":[{"href":"https:\/\/workspace.umh.es\/en\/wp-json\/wp\/v2\/types\/page"}],"author":[{"embeddable":true,"href":"https:\/\/workspace.umh.es\/en\/wp-json\/wp\/v2\/users\/1159"}],"replies":[{"embeddable":true,"href":"https:\/\/workspace.umh.es\/en\/wp-json\/wp\/v2\/comments?post=1452"}],"version-history":[{"count":0,"href":"https:\/\/workspace.umh.es\/en\/wp-json\/wp\/v2\/pages\/1452\/revisions"}],"up":[{"embeddable":true,"href":"https:\/\/workspace.umh.es\/en\/wp-json\/wp\/v2\/pages\/43"}],"wp:attachment":[{"href":"https:\/\/workspace.umh.es\/en\/wp-json\/wp\/v2\/media?parent=1452"}],"curies":[{"name":"wp","href":"https:\/\/api.w.org\/{rel}","templated":true}]}}