{"id":92,"date":"2017-09-19T11:42:38","date_gmt":"2017-09-19T11:42:38","guid":{"rendered":"http:\/\/goumh.edu-desarrollo.umh.es\/?page_id=92"},"modified":"2022-10-27T10:40:22","modified_gmt":"2022-10-27T08:40:22","slug":"5-que-es-google-calendar","status":"publish","type":"page","link":"https:\/\/workspace.umh.es\/ca\/que-es-workspace\/5-que-es-google-calendar\/","title":{"rendered":"5 Google Calendar"},"content":{"rendered":"<p>[et_pb_section admin_label=&#8221;Secci\u00f3n&#8221; fullwidth=&#8221;off&#8221; specialty=&#8221;on&#8221; transparent_background=&#8221;off&#8221; allow_player_pause=&#8221;off&#8221; inner_shadow=&#8221;off&#8221; parallax=&#8221;off&#8221; parallax_method=&#8221;off&#8221; padding_mobile=&#8221;off&#8221; make_fullwidth=&#8221;on&#8221; use_custom_width=&#8221;off&#8221; width_unit=&#8221;on&#8221; make_equal=&#8221;off&#8221; use_custom_gutter=&#8221;off&#8221; parallax_1=&#8221;off&#8221; parallax_method_1=&#8221;off&#8221; parallax_2=&#8221;off&#8221; parallax_method_2=&#8221;off&#8221;][et_pb_column type=&#8221;1_4&#8243;][et_pb_sidebar admin_label=&#8221;Barra lateral&#8221; orientation=&#8221;left&#8221; area=&#8221;sidebar-1&#8243; background_layout=&#8221;light&#8221; remove_border=&#8221;off&#8221;]<br \/>\n&nbsp;<br \/>\n[\/et_pb_sidebar][\/et_pb_column][et_pb_column type=&#8221;3_4&#8243; specialty_columns=&#8221;3&#8243;][et_pb_row_inner admin_label=&#8221;Fila&#8221;][et_pb_column_inner type=&#8221;4_4&#8243; saved_specialty_column_type=&#8221;3_4&#8243;][et_pb_text admin_label=&#8221;Texto&#8221; background_layout=&#8221;light&#8221; text_orientation=&#8221;left&#8221; use_border_color=&#8221;off&#8221; border_color=&#8221;#ffffff&#8221; border_style=&#8221;solid&#8221;]<\/p>\n<div id=\"left-area\">\n<article id=\"post-92\" class=\"post-92 page type-page status-publish hentry\">\n<h1 class=\"entry-title main_title\"><strong><span style=\"color: #000080\">5 Google Calendar<\/span><\/strong><\/h1>\n<\/article>\n<\/div>\n<div id=\"sidebar\"><\/div>\n<p>[\/et_pb_text][et_pb_text admin_label=&#8221;Texto&#8221; background_layout=&#8221;light&#8221; text_orientation=&#8221;left&#8221; use_border_color=&#8221;off&#8221; border_color=&#8221;#ffffff&#8221; border_style=&#8221;solid&#8221;]<\/p>\n<h3><span style=\"color: #ffaf00\">\u00a0<\/span><\/h3>\n<p>&nbsp;<\/p>\n<h3><span style=\"color: #ffaf00\">Un calendario con muchas funcionalidades<\/span><\/h3>\n<p style=\"text-align: justify\">El\u00a0<span style=\"color: #ffaf00\"><strong>calendario\u00a0de GoUmh<\/strong><\/span>\u00a0te permite crear diversos calendarios independientes y compartirlos con quien t\u00fa quieras. Sincron\u00edzalo en todos tus dispositivos m\u00f3viles y unifica toda tu agenda en un solo sitio.<br \/>\nConfigura tu m\u00f3vil para recibir avisos por SMS gratuitos de tus eventos favoritos.<\/p>\n<p>[\/et_pb_text][et_pb_text admin_label=&#8221;Texto&#8221; background_layout=&#8221;light&#8221; text_orientation=&#8221;left&#8221; use_border_color=&#8221;off&#8221; border_color=&#8221;#ffffff&#8221; border_style=&#8221;solid&#8221;]<br \/>\n<img loading=\"lazy\" class=\"alignleft wp-image-334 size-medium\" src=\"http:\/\/gsuite.umh.es\/files\/2017\/09\/googleApps-180x300.jpg\" alt=\"googleApps\" width=\"180\" height=\"300\" srcset=\"https:\/\/workspace.umh.es\/files\/2017\/09\/googleApps-180x300.jpg 180w, https:\/\/workspace.umh.es\/files\/2017\/09\/googleApps.jpg 333w\" sizes=\"(max-width: 180px) 100vw, 180px\" \/><\/p>\n<p style=\"text-align: justify\">Al igual que en el resto de aplicaciones, una forma de entrar al calendario de GoUmh es iniciando sesi\u00f3n en Google como se explica en el apartado 2 de <a href=\"http:\/\/goumh.edu.umh.es\/que-es-goumh\/como-acceder-a-goumh\/\" target=\"_blank\" rel=\"noopener noreferrer\">\u00bfC\u00f3mo acceder a GoUmh?<\/a>.<\/p>\n<p style=\"text-align: justify\">Cuando inicies sesi\u00f3n en la esquina superior derecha del navegador podr\u00e1s ver\u00a0el\u00a0icono \u201cAplicaciones de Google\u201d . As\u00ed podr\u00e1s acceder al calendario pulsando en su icono.<\/p>\n<p>&nbsp;<br \/>\n[\/et_pb_text][\/et_pb_column_inner][\/et_pb_row_inner][\/et_pb_column][\/et_pb_section]<\/p>","protected":false},"excerpt":{"rendered":"<p>[et_pb_section admin_label=&#8221;Secci\u00f3n&#8221; fullwidth=&#8221;off&#8221; specialty=&#8221;on&#8221; transparent_background=&#8221;off&#8221; allow_player_pause=&#8221;off&#8221; inner_shadow=&#8221;off&#8221; parallax=&#8221;off&#8221; parallax_method=&#8221;off&#8221; padding_mobile=&#8221;off&#8221; make_fullwidth=&#8221;on&#8221; use_custom_width=&#8221;off&#8221; width_unit=&#8221;on&#8221; make_equal=&#8221;off&#8221; use_custom_gutter=&#8221;off&#8221; parallax_1=&#8221;off&#8221; parallax_method_1=&#8221;off&#8221; parallax_2=&#8221;off&#8221; parallax_method_2=&#8221;off&#8221;][et_pb_column type=&#8221;1_4&#8243;][et_pb_sidebar admin_label=&#8221;Barra lateral&#8221; orientation=&#8221;left&#8221; area=&#8221;sidebar-1&#8243; background_layout=&#8221;light&#8221; remove_border=&#8221;off&#8221;] &nbsp; [\/et_pb_sidebar][\/et_pb_column][et_pb_column type=&#8221;3_4&#8243; specialty_columns=&#8221;3&#8243;][et_pb_row_inner admin_label=&#8221;Fila&#8221;][et_pb_column_inner type=&#8221;4_4&#8243; saved_specialty_column_type=&#8221;3_4&#8243;][et_pb_text admin_label=&#8221;Texto&#8221;&#46;&#46;&#46;<\/p>\n","protected":false},"author":1159,"featured_media":0,"parent":38,"menu_order":5,"comment_status":"closed","ping_status":"closed","template":"","meta":{"_links_to":"","_links_to_target":""},"_links":{"self":[{"href":"https:\/\/workspace.umh.es\/ca\/wp-json\/wp\/v2\/pages\/92"}],"collection":[{"href":"https:\/\/workspace.umh.es\/ca\/wp-json\/wp\/v2\/pages"}],"about":[{"href":"https:\/\/workspace.umh.es\/ca\/wp-json\/wp\/v2\/types\/page"}],"author":[{"embeddable":true,"href":"https:\/\/workspace.umh.es\/ca\/wp-json\/wp\/v2\/users\/1159"}],"replies":[{"embeddable":true,"href":"https:\/\/workspace.umh.es\/ca\/wp-json\/wp\/v2\/comments?post=92"}],"version-history":[{"count":0,"href":"https:\/\/workspace.umh.es\/ca\/wp-json\/wp\/v2\/pages\/92\/revisions"}],"up":[{"embeddable":true,"href":"https:\/\/workspace.umh.es\/ca\/wp-json\/wp\/v2\/pages\/38"}],"wp:attachment":[{"href":"https:\/\/workspace.umh.es\/ca\/wp-json\/wp\/v2\/media?parent=92"}],"curies":[{"name":"wp","href":"https:\/\/api.w.org\/{rel}","templated":true}]}}