{"id":77,"date":"2017-09-18T10:29:29","date_gmt":"2017-09-18T08:29:29","guid":{"rendered":"http:\/\/goumh.edu-desarrollo.umh.es\/?page_id=77"},"modified":"2022-12-22T12:32:31","modified_gmt":"2022-12-22T11:32:31","slug":"como-acceder-a-workspace","status":"publish","type":"page","link":"https:\/\/workspace.umh.es\/ca\/que-es-workspace\/como-acceder-a-workspace\/","title":{"rendered":"2 Accede a Google Workspace UMH"},"content":{"rendered":"<p>[et_pb_section admin_label=&#8221;Secci\u00f3n&#8221; fullwidth=&#8221;off&#8221; specialty=&#8221;on&#8221; transparent_background=&#8221;off&#8221; allow_player_pause=&#8221;off&#8221; inner_shadow=&#8221;off&#8221; parallax=&#8221;off&#8221; parallax_method=&#8221;off&#8221; padding_mobile=&#8221;off&#8221; make_fullwidth=&#8221;on&#8221; use_custom_width=&#8221;off&#8221; width_unit=&#8221;on&#8221; make_equal=&#8221;off&#8221; use_custom_gutter=&#8221;off&#8221; parallax_1=&#8221;off&#8221; parallax_method_1=&#8221;off&#8221; parallax_2=&#8221;off&#8221; parallax_method_2=&#8221;off&#8221;][et_pb_column type=&#8221;1_4&#8243;][et_pb_sidebar admin_label=&#8221;Barra lateral&#8221; orientation=&#8221;left&#8221; area=&#8221;sidebar-1&#8243; background_layout=&#8221;light&#8221; remove_border=&#8221;off&#8221;]<br \/>\n&nbsp;<br \/>\n[\/et_pb_sidebar][\/et_pb_column][et_pb_column type=&#8221;3_4&#8243; specialty_columns=&#8221;3&#8243;][et_pb_row_inner admin_label=&#8221;Fila&#8221; padding_mobile=&#8221;off&#8221; use_custom_gutter=&#8221;off&#8221; column_padding_mobile=&#8221;on&#8221; custom_margin=&#8221;||-100px|&#8221; make_equal=&#8221;off&#8221; parallax_1=&#8221;off&#8221; parallax_method_1=&#8221;off&#8221;][et_pb_column_inner type=&#8221;4_4&#8243; saved_specialty_column_type=&#8221;3_4&#8243;][et_pb_text admin_label=&#8221;Texto&#8221; background_layout=&#8221;light&#8221; text_orientation=&#8221;left&#8221; use_border_color=&#8221;off&#8221; border_color=&#8221;#ffffff&#8221; border_style=&#8221;solid&#8221;]<\/p>\n<div id=\"left-area\">\n<article id=\"post-77\" class=\"post-77 page type-page status-publish hentry\">\n<h1 class=\"entry-title main_title\"><strong><span style=\"color: #000080\">2 Accede a GoUMH<\/span><\/strong><\/h1>\n<\/article>\n<\/div>\n<p>[\/et_pb_text][\/et_pb_column_inner][\/et_pb_row_inner][et_pb_row_inner admin_label=&#8221;Fila&#8221;][et_pb_column_inner type=&#8221;4_4&#8243; saved_specialty_column_type=&#8221;3_4&#8243;][et_pb_text admin_label=&#8221;Texto&#8221; background_layout=&#8221;light&#8221; text_orientation=&#8221;left&#8221; use_border_color=&#8221;off&#8221; border_color=&#8221;#ffffff&#8221; border_style=&#8221;solid&#8221;]<\/p>\n<p style=\"text-align: justify\">Todos los profesores y estudiantes de la UMH tienen\u00a0<strong>preactivada\u00a0<\/strong>una cuenta en GoUmh con el mismo nombre de usuario que su cuenta institucional. Ahora todo el personal de administraci\u00f3n y servicios tambi\u00e9n disponen de una cuenta GoUMH.<\/p>\n<p><b>Para acceder a GoUmh<\/b>\u00a0tienes tres\u00a0opciones:<br \/>\n<b><img loading=\"lazy\" class=\"size-full wp-image-255 alignleft\" src=\"http:\/\/gsuite.umh.es\/files\/2017\/09\/opcion1.jpg\" alt=\"opcion1\" width=\"100\" height=\"100\" \/><\/b><br \/>\n&nbsp;<br \/>\n<b>DIRECTAMENTE\u00a0<\/b>accediendo a\u00a0<b><a href=\"http:\/\/gmail.goumh.es\/\" target=\"_blank\" rel=\"noopener noreferrer\">gmail.goumh.es<\/a><\/b>\u00a0y autentic\u00e1ndote como lo har\u00edas en la p\u00e1gina de la UMH.<br \/>\n&nbsp;<br \/>\n[\/et_pb_text][et_pb_text admin_label=&#8221;Texto&#8221; background_layout=&#8221;light&#8221; text_orientation=&#8221;left&#8221; use_border_color=&#8221;off&#8221; border_color=&#8221;#ffffff&#8221; border_style=&#8221;solid&#8221;]<br \/>\n<img loading=\"lazy\" class=\"size-full wp-image-262 alignleft\" src=\"http:\/\/gsuite.umh.es\/files\/2017\/09\/opcion2.jpg\" alt=\"opcion2\" width=\"100\" height=\"100\" \/><br \/>\n&nbsp;<br \/>\n<span style=\"font-size: medium\">Accediendo a trav\u00e9s de<\/span>\u00a0<a href=\"http:\/\/www.google.es\/\" target=\"_blank\" rel=\"noopener noreferrer\"><b>www.google.es<\/b><\/a>:<br \/>\n&nbsp;<\/p>\n<ul>\n<li>Haz clic en &#8220;Iniciar sesi\u00f3n&#8221;<\/li>\n<\/ul>\n<p><img loading=\"lazy\" class=\"aligncenter wp-image-268 size-full\" src=\"http:\/\/gsuite.umh.es\/files\/2017\/09\/googleini.jpg\" alt=\"googleini\" width=\"1030\" height=\"488\" srcset=\"https:\/\/workspace.umh.es\/files\/2017\/09\/googleini.jpg 1030w, https:\/\/workspace.umh.es\/files\/2017\/09\/googleini-300x142.jpg 300w, https:\/\/workspace.umh.es\/files\/2017\/09\/googleini-768x364.jpg 768w, https:\/\/workspace.umh.es\/files\/2017\/09\/googleini-1024x485.jpg 1024w, https:\/\/workspace.umh.es\/files\/2017\/09\/googleini-520x245.jpg 520w, https:\/\/workspace.umh.es\/files\/2017\/09\/googleini-720x340.jpg 720w\" sizes=\"(max-width: 1030px) 100vw, 1030px\" \/><br \/>\n&nbsp;<\/p>\n<ul>\n<li>Introduce tu direcci\u00f3n de correo electr\u00f3nico completa, con\u00a0<b>@goumh.umh.es<\/b>\u00a0y\u00a0pulsa\u00a0en INICIAR SESI\u00d3N.<\/li>\n<\/ul>\n<p><img loading=\"lazy\" class=\"aligncenter wp-image-272 size-full\" src=\"http:\/\/gsuite.umh.es\/files\/2017\/09\/Captura.jpg\" alt=\"Captura\" width=\"494\" height=\"530\" srcset=\"https:\/\/workspace.umh.es\/files\/2017\/09\/Captura.jpg 494w, https:\/\/workspace.umh.es\/files\/2017\/09\/Captura-280x300.jpg 280w\" sizes=\"(max-width: 494px) 100vw, 494px\" \/><br \/>\n&nbsp;<\/p>\n<ul>\n<li>\n<div dir=\"ltr\">Ser\u00e1s redirigido al men\u00fa de autenticaci\u00f3n que aparece a la derecha.<\/div>\n<div dir=\"ltr\">\n<b><i>PARA LA AUTENTICACI\u00d3N:<\/i><\/b><br \/>\nTe pedir\u00e1 tu nombre de usuario (el de tu correo electr\u00f3nico o n\u00famero de DNI) y contrase\u00f1a. Identif\u00edcate como lo har\u00edas en la UMH y listo!<br \/>\n<img loading=\"lazy\" class=\"wp-image-275 size-full aligncenter\" src=\"http:\/\/gsuite.umh.es\/files\/2017\/09\/accesouniversite.jpg\" alt=\"accesouniversite\" width=\"326\" height=\"444\" srcset=\"https:\/\/workspace.umh.es\/files\/2017\/09\/accesouniversite.jpg 326w, https:\/\/workspace.umh.es\/files\/2017\/09\/accesouniversite-220x300.jpg 220w\" sizes=\"(max-width: 326px) 100vw, 326px\" \/>\n<\/div>\n<\/li>\n<\/ul>\n<p>&nbsp;<br \/>\n&nbsp;<br \/>\n[\/et_pb_text][et_pb_text admin_label=&#8221;Texto&#8221; background_layout=&#8221;light&#8221; text_orientation=&#8221;left&#8221; use_border_color=&#8221;off&#8221; border_color=&#8221;#ffffff&#8221; border_style=&#8221;solid&#8221;]<br \/>\n<img loading=\"lazy\" class=\"wp-image-266 size-full alignleft\" src=\"http:\/\/gsuite.umh.es\/files\/2017\/09\/opcion3.jpg\" alt=\"\" width=\"100\" height=\"100\" \/><br \/>\n&nbsp;<\/p>\n<p style=\"text-align: justify\">Desde el escritorio del acceso identificado de la\u00a0<strong><a href=\"http:\/\/www.umh.es\" target=\"_blank\" rel=\"noopener noreferrer\">UMH<\/a><\/strong><\/p>\n<p style=\"text-align: justify\">Dentro del escritorio de la UMH tenemos un buscador (en la barra, parte superior izquierda). Escribimos &#8220;GoUmh&#8221; en el buscador y pulsamos intro o hacemos clic en el icono de la lupa. De esta forma nos aparece el cuadro de acceso a GoUmh como se muestra en la siguiente imagen.<\/p>\n<p style=\"text-align: justify\"><img loading=\"lazy\" class=\"alignnone wp-image-831 size-full\" src=\"http:\/\/gsuite.umh.es\/files\/2017\/09\/Captura2.jpg\" alt=\"Captura2\" width=\"592\" height=\"360\" srcset=\"https:\/\/workspace.umh.es\/files\/2017\/09\/Captura2.jpg 592w, https:\/\/workspace.umh.es\/files\/2017\/09\/Captura2-300x182.jpg 300w\" sizes=\"(max-width: 592px) 100vw, 592px\" \/><\/p>\n<p style=\"text-align: justify\">Este enlace te llevar\u00e1 directamente a esta p\u00e1gina web,\u00a0el <strong><a href=\"http:\/\/goumh.edu.umh.es\/\" target=\"_blank\" rel=\"noopener noreferrer\">Portal GoUmh<\/a><\/strong>, donde puedes acceder a todos los recursos, tutoriales y consejos.<\/p>\n<p>[\/et_pb_text][\/et_pb_column_inner][\/et_pb_row_inner][\/et_pb_column][\/et_pb_section]<\/p>","protected":false},"excerpt":{"rendered":"<p>[et_pb_section admin_label=&#8221;Secci\u00f3n&#8221; fullwidth=&#8221;off&#8221; specialty=&#8221;on&#8221; transparent_background=&#8221;off&#8221; allow_player_pause=&#8221;off&#8221; inner_shadow=&#8221;off&#8221; parallax=&#8221;off&#8221; parallax_method=&#8221;off&#8221; padding_mobile=&#8221;off&#8221; make_fullwidth=&#8221;on&#8221; use_custom_width=&#8221;off&#8221; width_unit=&#8221;on&#8221; make_equal=&#8221;off&#8221; use_custom_gutter=&#8221;off&#8221; parallax_1=&#8221;off&#8221; parallax_method_1=&#8221;off&#8221; parallax_2=&#8221;off&#8221; parallax_method_2=&#8221;off&#8221;][et_pb_column type=&#8221;1_4&#8243;][et_pb_sidebar admin_label=&#8221;Barra lateral&#8221; orientation=&#8221;left&#8221; area=&#8221;sidebar-1&#8243; background_layout=&#8221;light&#8221; remove_border=&#8221;off&#8221;] &nbsp; [\/et_pb_sidebar][\/et_pb_column][et_pb_column type=&#8221;3_4&#8243; specialty_columns=&#8221;3&#8243;][et_pb_row_inner admin_label=&#8221;Fila&#8221; padding_mobile=&#8221;off&#8221; use_custom_gutter=&#8221;off&#8221; column_padding_mobile=&#8221;on&#8221;&#46;&#46;&#46;<\/p>\n","protected":false},"author":1159,"featured_media":0,"parent":38,"menu_order":2,"comment_status":"closed","ping_status":"closed","template":"","meta":{"_links_to":"","_links_to_target":""},"_links":{"self":[{"href":"https:\/\/workspace.umh.es\/ca\/wp-json\/wp\/v2\/pages\/77"}],"collection":[{"href":"https:\/\/workspace.umh.es\/ca\/wp-json\/wp\/v2\/pages"}],"about":[{"href":"https:\/\/workspace.umh.es\/ca\/wp-json\/wp\/v2\/types\/page"}],"author":[{"embeddable":true,"href":"https:\/\/workspace.umh.es\/ca\/wp-json\/wp\/v2\/users\/1159"}],"replies":[{"embeddable":true,"href":"https:\/\/workspace.umh.es\/ca\/wp-json\/wp\/v2\/comments?post=77"}],"version-history":[{"count":0,"href":"https:\/\/workspace.umh.es\/ca\/wp-json\/wp\/v2\/pages\/77\/revisions"}],"up":[{"embeddable":true,"href":"https:\/\/workspace.umh.es\/ca\/wp-json\/wp\/v2\/pages\/38"}],"wp:attachment":[{"href":"https:\/\/workspace.umh.es\/ca\/wp-json\/wp\/v2\/media?parent=77"}],"curies":[{"name":"wp","href":"https:\/\/api.w.org\/{rel}","templated":true}]}}