{"id":708,"date":"2017-10-03T09:15:20","date_gmt":"2017-10-03T09:15:20","guid":{"rendered":"http:\/\/goumh.edu-desarrollo.umh.es\/?page_id=708"},"modified":"2022-10-27T11:12:58","modified_gmt":"2022-10-27T09:12:58","slug":"tutoriales-sites","status":"publish","type":"page","link":"https:\/\/workspace.umh.es\/ca\/tutoriales\/conoce-uno-a-uno-todos-los-recursos-de-gsuite\/tutoriales-sites\/","title":{"rendered":"Tutoriales Sites"},"content":{"rendered":"<p>[et_pb_section admin_label=&#8221;Secci\u00f3n&#8221; fullwidth=&#8221;off&#8221; specialty=&#8221;on&#8221; transparent_background=&#8221;off&#8221; allow_player_pause=&#8221;off&#8221; inner_shadow=&#8221;off&#8221; parallax=&#8221;off&#8221; parallax_method=&#8221;off&#8221; padding_mobile=&#8221;off&#8221; make_fullwidth=&#8221;on&#8221; use_custom_width=&#8221;off&#8221; width_unit=&#8221;on&#8221; make_equal=&#8221;off&#8221; use_custom_gutter=&#8221;off&#8221; parallax_1=&#8221;off&#8221; parallax_method_1=&#8221;off&#8221; parallax_2=&#8221;off&#8221; parallax_method_2=&#8221;off&#8221;][et_pb_column type=&#8221;1_4&#8243;][et_pb_sidebar admin_label=&#8221;Barra lateral&#8221; orientation=&#8221;left&#8221; area=&#8221;sidebar-1&#8243; background_layout=&#8221;light&#8221; remove_border=&#8221;off&#8221;]<br \/>\n[\/et_pb_sidebar][\/et_pb_column][et_pb_column type=&#8221;3_4&#8243; specialty_columns=&#8221;3&#8243;][et_pb_row_inner admin_label=&#8221;Fila&#8221;][et_pb_column_inner type=&#8221;4_4&#8243; saved_specialty_column_type=&#8221;3_4&#8243;][et_pb_text admin_label=&#8221;Texto&#8221; background_layout=&#8221;light&#8221; text_orientation=&#8221;left&#8221; use_border_color=&#8221;off&#8221; border_color=&#8221;#ffffff&#8221; border_style=&#8221;solid&#8221;]<\/p>\n<h1><span style=\"color: #000080\"><strong>Todo sobre Google Sites<\/strong><\/span><\/h1>\n<p>[\/et_pb_text][et_pb_text admin_label=&#8221;Texto&#8221; background_layout=&#8221;light&#8221; text_orientation=&#8221;left&#8221; use_border_color=&#8221;off&#8221; border_color=&#8221;#ffffff&#8221; border_style=&#8221;solid&#8221;]<\/p>\n<div class=\"sites-layout-tile sites-tile-name-header\">\n<div dir=\"ltr\">\nCon\u00a0<b>Google Sites\u00a0<\/b>podr\u00e1s crear y gestionar f\u00e1cilmente un sitio web personal, docente, destinado a la coordinaci\u00f3n, e incluso a la colaboraci\u00f3n con tu equipo de investigaci\u00f3n. Integra en \u00e9l todos los recursos que precisas y hazlo centro de referencia para tu actividad.\n<\/div>\n<\/div>\n<p>[\/et_pb_text][et_pb_text admin_label=&#8221;Texto&#8221; background_layout=&#8221;light&#8221; text_orientation=&#8221;left&#8221; use_border_color=&#8221;off&#8221; border_color=&#8221;#ffffff&#8221; border_style=&#8221;solid&#8221;]<\/p>\n<h3><img loading=\"lazy\" class=\"alignnone size-full wp-image-66\" src=\"http:\/\/gsuite.umh.es\/files\/2017\/09\/sites.png\" alt=\"sites\" width=\"38\" height=\"35\" \/>\u00a0Google Sites<\/h3>\n<table border=\"0\" width=\"100%\" cellspacing=\"1\" cellpadding=\"10\">\n<tbody>\n<tr>\n<td valign=\"top\" bgcolor=\"#e5e5e5\" width=\"50%\">\n<div><b><img loading=\"lazy\" class=\"alignnone wp-image-1054\" src=\"http:\/\/gsuite.umh.es\/files\/2018\/02\/play-1073616_640-300x300.png\" alt=\"play-1073616_640\" width=\"18\" height=\"18\" srcset=\"https:\/\/workspace.umh.es\/files\/2018\/02\/play-1073616_640-300x300.png 300w, https:\/\/workspace.umh.es\/files\/2018\/02\/play-1073616_640-150x150.png 150w, https:\/\/workspace.umh.es\/files\/2018\/02\/play-1073616_640-160x160.png 160w, https:\/\/workspace.umh.es\/files\/2018\/02\/play-1073616_640-320x320.png 320w, https:\/\/workspace.umh.es\/files\/2018\/02\/play-1073616_640.png 640w\" sizes=\"(max-width: 18px) 100vw, 18px\" \/>\u00a0<\/b><img src=\"https:\/\/sites.google.com\/a\/goumh.umh.es\/goumh-going-google\/_\/rsrc\/1320693005334\/home\/play_video_16.gif\" alt=\"\" border=\"0\" \/><a href=\"http:\/\/www.youtube.com\/watch?v=gwmuwz75Z7c&amp;list=PL3F550E5BC302F990\" target=\"_blank\" rel=\"noopener noreferrer\">Introducci\u00f3n a Sites<\/a><\/div>\n<div><\/div>\n<div><\/div>\n<\/td>\n<td valign=\"top\" bgcolor=\"#e5e5e5\" width=\"50%\">Los Sites te permiten crear y gestionar f\u00e1cilmente un sitio web, incluir en \u00e9l todos los recursos que precisas, y compartirlos con quien t\u00fa quieras y como quieras (edici\u00f3n o visualizaci\u00f3n).<\/td>\n<\/tr>\n<tr>\n<td valign=\"top\" bgcolor=\"#e5e5e5\" width=\"50%\"><img loading=\"lazy\" class=\"alignnone wp-image-1063\" src=\"http:\/\/gsuite.umh.es\/files\/2017\/10\/google-sites-logo-300x300.png\" alt=\"google-sites-logo\" width=\"20\" height=\"20\" srcset=\"https:\/\/workspace.umh.es\/files\/2017\/10\/google-sites-logo-300x300.png 300w, https:\/\/workspace.umh.es\/files\/2017\/10\/google-sites-logo-150x150.png 150w, https:\/\/workspace.umh.es\/files\/2017\/10\/google-sites-logo-160x160.png 160w, https:\/\/workspace.umh.es\/files\/2017\/10\/google-sites-logo-320x320.png 320w, https:\/\/workspace.umh.es\/files\/2017\/10\/google-sites-logo.png 512w\" sizes=\"(max-width: 20px) 100vw, 20px\" \/>\u00a0<a href=\"https:\/\/docs.google.com\/document\/d\/12MioaYJ_h4x5k2Du144MgLbBS_RFjkk8NdyXQE6IVaA\/edit?usp=sharing\" target=\"_blank\" rel=\"noopener noreferrer\">Tutorial GoUmh sobre Sites<\/a><\/td>\n<td valign=\"top\" bgcolor=\"#e5e5e5\" width=\"50%\">Crea un site, personal\u00edzalo y comp\u00e1rtelo, si as\u00ed lo deseas, con otros usuarios.<\/td>\n<\/tr>\n<tr>\n<td valign=\"top\" bgcolor=\"#e5e5e5\" width=\"50%\"><img loading=\"lazy\" class=\"alignnone wp-image-1063\" src=\"http:\/\/gsuite.umh.es\/files\/2017\/10\/google-sites-logo-300x300.png\" alt=\"google-sites-logo\" width=\"20\" height=\"20\" srcset=\"https:\/\/workspace.umh.es\/files\/2017\/10\/google-sites-logo-300x300.png 300w, https:\/\/workspace.umh.es\/files\/2017\/10\/google-sites-logo-150x150.png 150w, https:\/\/workspace.umh.es\/files\/2017\/10\/google-sites-logo-160x160.png 160w, https:\/\/workspace.umh.es\/files\/2017\/10\/google-sites-logo-320x320.png 320w, https:\/\/workspace.umh.es\/files\/2017\/10\/google-sites-logo.png 512w\" sizes=\"(max-width: 20px) 100vw, 20px\" \/>\u00a0<a href=\"http:\/\/support.google.com\/sites\/?hl=es\" target=\"_blank\" rel=\"noopener noreferrer\">Centro de asistencia de Google Sites<\/a><\/td>\n<td valign=\"top\" bgcolor=\"#e5e5e5\" width=\"50%\">Si necesitas m\u00e1s instrucciones sobre el uso de Google Sites, visita el Centro de asistencia.<\/td>\n<\/tr>\n<tr>\n<td valign=\"top\" bgcolor=\"#e5e5e5\" width=\"50%\"><img loading=\"lazy\" class=\"alignnone wp-image-1063\" src=\"http:\/\/gsuite.umh.es\/files\/2017\/10\/google-sites-logo-300x300.png\" alt=\"google-sites-logo\" width=\"20\" height=\"20\" srcset=\"https:\/\/workspace.umh.es\/files\/2017\/10\/google-sites-logo-300x300.png 300w, https:\/\/workspace.umh.es\/files\/2017\/10\/google-sites-logo-150x150.png 150w, https:\/\/workspace.umh.es\/files\/2017\/10\/google-sites-logo-160x160.png 160w, https:\/\/workspace.umh.es\/files\/2017\/10\/google-sites-logo-320x320.png 320w, https:\/\/workspace.umh.es\/files\/2017\/10\/google-sites-logo.png 512w\" sizes=\"(max-width: 20px) 100vw, 20px\" \/>\u00a0<a href=\"http:\/\/edutraining.googleapps.com\/sites\" target=\"_blank\" rel=\"noopener noreferrer\">Autoaprendizaje online sobre Google Sites<\/a><\/td>\n<td valign=\"top\" bgcolor=\"#e5e5e5\" width=\"50%\">Aprende todas las funcionalidades de Google Sites siguiendo este curso online (en ingl\u00e9s).<\/td>\n<\/tr>\n<\/tbody>\n<\/table>\n<p>[\/et_pb_text][\/et_pb_column_inner][\/et_pb_row_inner][\/et_pb_column][\/et_pb_section]<\/p>","protected":false},"excerpt":{"rendered":"<p>[et_pb_section admin_label=&#8221;Secci\u00f3n&#8221; fullwidth=&#8221;off&#8221; specialty=&#8221;on&#8221; transparent_background=&#8221;off&#8221; allow_player_pause=&#8221;off&#8221; inner_shadow=&#8221;off&#8221; parallax=&#8221;off&#8221; parallax_method=&#8221;off&#8221; padding_mobile=&#8221;off&#8221; make_fullwidth=&#8221;on&#8221; use_custom_width=&#8221;off&#8221; width_unit=&#8221;on&#8221; make_equal=&#8221;off&#8221; use_custom_gutter=&#8221;off&#8221; parallax_1=&#8221;off&#8221; parallax_method_1=&#8221;off&#8221; parallax_2=&#8221;off&#8221; parallax_method_2=&#8221;off&#8221;][et_pb_column type=&#8221;1_4&#8243;][et_pb_sidebar admin_label=&#8221;Barra lateral&#8221; orientation=&#8221;left&#8221; area=&#8221;sidebar-1&#8243; background_layout=&#8221;light&#8221; remove_border=&#8221;off&#8221;] [\/et_pb_sidebar][\/et_pb_column][et_pb_column type=&#8221;3_4&#8243; specialty_columns=&#8221;3&#8243;][et_pb_row_inner admin_label=&#8221;Fila&#8221;][et_pb_column_inner type=&#8221;4_4&#8243; saved_specialty_column_type=&#8221;3_4&#8243;][et_pb_text admin_label=&#8221;Texto&#8221; background_layout=&#8221;light&#8221;&#46;&#46;&#46;<\/p>\n","protected":false},"author":1159,"featured_media":0,"parent":632,"menu_order":5,"comment_status":"closed","ping_status":"closed","template":"","meta":{"_links_to":"","_links_to_target":""},"_links":{"self":[{"href":"https:\/\/workspace.umh.es\/ca\/wp-json\/wp\/v2\/pages\/708"}],"collection":[{"href":"https:\/\/workspace.umh.es\/ca\/wp-json\/wp\/v2\/pages"}],"about":[{"href":"https:\/\/workspace.umh.es\/ca\/wp-json\/wp\/v2\/types\/page"}],"author":[{"embeddable":true,"href":"https:\/\/workspace.umh.es\/ca\/wp-json\/wp\/v2\/users\/1159"}],"replies":[{"embeddable":true,"href":"https:\/\/workspace.umh.es\/ca\/wp-json\/wp\/v2\/comments?post=708"}],"version-history":[{"count":0,"href":"https:\/\/workspace.umh.es\/ca\/wp-json\/wp\/v2\/pages\/708\/revisions"}],"up":[{"embeddable":true,"href":"https:\/\/workspace.umh.es\/ca\/wp-json\/wp\/v2\/pages\/632"}],"wp:attachment":[{"href":"https:\/\/workspace.umh.es\/ca\/wp-json\/wp\/v2\/media?parent=708"}],"curies":[{"name":"wp","href":"https:\/\/api.w.org\/{rel}","templated":true}]}}