{"id":706,"date":"2017-10-03T09:11:06","date_gmt":"2017-10-03T09:11:06","guid":{"rendered":"http:\/\/goumh.edu-desarrollo.umh.es\/?page_id=706"},"modified":"2022-10-28T09:41:09","modified_gmt":"2022-10-28T07:41:09","slug":"tutoriales-drive","status":"publish","type":"page","link":"https:\/\/workspace.umh.es\/ca\/tutoriales\/conoce-uno-a-uno-todos-los-recursos-de-gsuite\/tutoriales-drive\/","title":{"rendered":"Tutoriales Drive"},"content":{"rendered":"<p>[et_pb_section admin_label=&#8221;Secci\u00f3n&#8221; fullwidth=&#8221;off&#8221; specialty=&#8221;on&#8221; transparent_background=&#8221;off&#8221; allow_player_pause=&#8221;off&#8221; inner_shadow=&#8221;off&#8221; parallax=&#8221;off&#8221; parallax_method=&#8221;off&#8221; padding_mobile=&#8221;off&#8221; make_fullwidth=&#8221;on&#8221; use_custom_width=&#8221;off&#8221; width_unit=&#8221;on&#8221; make_equal=&#8221;off&#8221; use_custom_gutter=&#8221;off&#8221; parallax_1=&#8221;off&#8221; parallax_method_1=&#8221;off&#8221; parallax_2=&#8221;off&#8221; parallax_method_2=&#8221;off&#8221;][et_pb_column type=&#8221;1_4&#8243;][et_pb_sidebar admin_label=&#8221;Barra lateral&#8221; orientation=&#8221;left&#8221; area=&#8221;sidebar-1&#8243; background_layout=&#8221;light&#8221; remove_border=&#8221;off&#8221;]<br \/>\n&nbsp;<br \/>\n[\/et_pb_sidebar][\/et_pb_column][et_pb_column type=&#8221;3_4&#8243; specialty_columns=&#8221;3&#8243;][et_pb_row_inner admin_label=&#8221;Fila&#8221;][et_pb_column_inner type=&#8221;4_4&#8243; saved_specialty_column_type=&#8221;3_4&#8243;][et_pb_text admin_label=&#8221;Texto&#8221; background_layout=&#8221;light&#8221; text_orientation=&#8221;left&#8221; use_border_color=&#8221;off&#8221; border_color=&#8221;#ffffff&#8221; border_style=&#8221;solid&#8221;]<\/p>\n<h1><span style=\"color: #000080;font-size: x-large\"><b>Todo sobre\u00a0Drive en GoUmh<\/b><\/span><\/h1>\n<p>[\/et_pb_text][et_pb_text admin_label=&#8221;Texto&#8221; background_layout=&#8221;light&#8221; text_orientation=&#8221;left&#8221; use_border_color=&#8221;off&#8221; border_color=&#8221;#ffffff&#8221; border_style=&#8221;solid&#8221;]<\/p>\n<h3><img loading=\"lazy\" class=\"alignnone wp-image-374\" src=\"http:\/\/gsuite.umh.es\/files\/2017\/09\/GoogleDrive-150x150.png\" alt=\"GoogleDrive\" width=\"35\" height=\"35\" srcset=\"https:\/\/workspace.umh.es\/files\/2017\/09\/GoogleDrive-150x150.png 150w, https:\/\/workspace.umh.es\/files\/2017\/09\/GoogleDrive-300x300.png 300w, https:\/\/workspace.umh.es\/files\/2017\/09\/GoogleDrive-768x768.png 768w, https:\/\/workspace.umh.es\/files\/2017\/09\/GoogleDrive-1024x1024.png 1024w, https:\/\/workspace.umh.es\/files\/2017\/09\/GoogleDrive-160x160.png 160w, https:\/\/workspace.umh.es\/files\/2017\/09\/GoogleDrive-320x320.png 320w, https:\/\/workspace.umh.es\/files\/2017\/09\/GoogleDrive.png 2000w\" sizes=\"(max-width: 35px) 100vw, 35px\" \/>\u00a0 Google Drive<\/h3>\n<p style=\"text-align: justify\">Con\u00a0<span style=\"color: #ffaf00\"><b>Google Drive<\/b><\/span>, tu equipo y t\u00fa pod\u00e9is trabajar simult\u00e1neamente en documentos, hojas de c\u00e1lculo, presentaciones de diapositivas, formularios y dibujos. Tus documentos se almacenan de forma segura en la nube (con almacenamiento ilimitado gracias a GoUmh), donde todos los usuarios con quienes los compartes (pero\u00a0<i>solo<\/i>\u00a0estas personas) pueden trabajar con ellos, ya por separado o todos a la vez.<\/p>\n<p>[\/et_pb_text][et_pb_tabs admin_label=&#8221;Pesta\u00f1as&#8221; use_border_color=&#8221;off&#8221; border_color=&#8221;#ffffff&#8221; border_style=&#8221;solid&#8221;] [et_pb_tab title=&#8221;Google Drive&#8221; tab_font_select=&#8221;default&#8221; tab_font=&#8221;||||&#8221; tab_line_height=&#8221;2em&#8221; tab_line_height_tablet=&#8221;2em&#8221; tab_line_height_phone=&#8221;2em&#8221; body_font_select=&#8221;default&#8221; body_font=&#8221;||||&#8221; body_line_height=&#8221;2em&#8221; body_line_height_tablet=&#8221;2em&#8221; body_line_height_phone=&#8221;2em&#8221;]<\/p>\n<table border=\"0\" width=\"100%\" cellspacing=\"1\" cellpadding=\"10\">\n<tbody>\n<tr>\n<td valign=\"top\" bgcolor=\"#e5e5e5\" width=\"50%\">\n<div><img loading=\"lazy\" class=\"alignnone wp-image-1054\" src=\"http:\/\/gsuite.umh.es\/files\/2018\/02\/play-1073616_640-300x300.png\" alt=\"play-1073616_640\" width=\"18\" height=\"18\" srcset=\"https:\/\/workspace.umh.es\/files\/2018\/02\/play-1073616_640-300x300.png 300w, https:\/\/workspace.umh.es\/files\/2018\/02\/play-1073616_640-150x150.png 150w, https:\/\/workspace.umh.es\/files\/2018\/02\/play-1073616_640-160x160.png 160w, https:\/\/workspace.umh.es\/files\/2018\/02\/play-1073616_640-320x320.png 320w, https:\/\/workspace.umh.es\/files\/2018\/02\/play-1073616_640.png 640w\" sizes=\"(max-width: 18px) 100vw, 18px\" \/>\u00a0<a href=\"http:\/\/www.youtube.com\/watch?v=rbjnHp9_lFg&amp;list=PL3F550E5BC302F990\" target=\"_blank\" rel=\"noopener noreferrer\">Introducci\u00f3n a Drive<\/a><\/div>\n<\/td>\n<td valign=\"top\" bgcolor=\"#e5e5e5\" width=\"50%\">Con Docs podr\u00e1s crear documentos, presentaciones, hojas de c\u00e1lculo, formularios,&#8230; y compartirlos con quien t\u00fa quieras del modo que quieras (edici\u00f3n, comentarios, visualizaci\u00f3n).<\/td>\n<\/tr>\n<tr>\n<td valign=\"top\" bgcolor=\"#e5e5e5\" width=\"50%\"><a href=\"https:\/\/docs.google.com\/document\/pub?id=13yhvZzAyTVPNkHyIect7YLAr5Qta_euSDCSeB5iuZio\" target=\"_blank\" rel=\"noopener noreferrer\"><img loading=\"lazy\" class=\"alignnone wp-image-374\" src=\"http:\/\/gsuite.umh.es\/files\/2017\/09\/GoogleDrive-300x300.png\" alt=\"GoogleDrive\" width=\"20\" height=\"20\" srcset=\"https:\/\/workspace.umh.es\/files\/2017\/09\/GoogleDrive-300x300.png 300w, https:\/\/workspace.umh.es\/files\/2017\/09\/GoogleDrive-150x150.png 150w, https:\/\/workspace.umh.es\/files\/2017\/09\/GoogleDrive-768x768.png 768w, https:\/\/workspace.umh.es\/files\/2017\/09\/GoogleDrive-1024x1024.png 1024w, https:\/\/workspace.umh.es\/files\/2017\/09\/GoogleDrive-160x160.png 160w, https:\/\/workspace.umh.es\/files\/2017\/09\/GoogleDrive-320x320.png 320w, https:\/\/workspace.umh.es\/files\/2017\/09\/GoogleDrive.png 2000w\" sizes=\"(max-width: 20px) 100vw, 20px\" \/>\u00a0Conceptos b\u00e1sicos de Google Drive\u00a0<\/a><\/td>\n<td valign=\"top\" bgcolor=\"#e5e5e5\" width=\"50%\">Crea documentos y dales formato, comp\u00e1rtelos y colabora en ellos, env\u00edalos como archivo adjunto, impr\u00edmelos y publ\u00edcalos en la Web.<\/td>\n<\/tr>\n<tr>\n<td valign=\"top\" bgcolor=\"#e5e5e5\" width=\"50%\"><a href=\"https:\/\/support.google.com\/drive\/?hl=es#topic=14940\" target=\"_blank\" rel=\"noopener noreferrer\"><img loading=\"lazy\" class=\"alignnone wp-image-374\" src=\"http:\/\/gsuite.umh.es\/files\/2017\/09\/GoogleDrive-300x300.png\" alt=\"GoogleDrive\" width=\"20\" height=\"20\" srcset=\"https:\/\/workspace.umh.es\/files\/2017\/09\/GoogleDrive-300x300.png 300w, https:\/\/workspace.umh.es\/files\/2017\/09\/GoogleDrive-150x150.png 150w, https:\/\/workspace.umh.es\/files\/2017\/09\/GoogleDrive-768x768.png 768w, https:\/\/workspace.umh.es\/files\/2017\/09\/GoogleDrive-1024x1024.png 1024w, https:\/\/workspace.umh.es\/files\/2017\/09\/GoogleDrive-160x160.png 160w, https:\/\/workspace.umh.es\/files\/2017\/09\/GoogleDrive-320x320.png 320w, https:\/\/workspace.umh.es\/files\/2017\/09\/GoogleDrive.png 2000w\" sizes=\"(max-width: 20px) 100vw, 20px\" \/>\u00a0Centro de asistencia de Google Drive<\/a><\/td>\n<td valign=\"top\" bgcolor=\"#e5e5e5\" width=\"50%\">Visita el Centro de asistencia para obtener m\u00e1s instrucciones sobre el uso de Google Drive.<\/td>\n<\/tr>\n<\/tbody>\n<\/table>\n<p>&nbsp;<br \/>\n&nbsp;<br \/>\n[\/et_pb_tab][et_pb_tab title=&#8221;V\u00eddeos de corta duraci\u00f3n&#8221; tab_font_select=&#8221;default&#8221; tab_font=&#8221;||||&#8221; tab_line_height=&#8221;2em&#8221; tab_line_height_tablet=&#8221;2em&#8221; tab_line_height_phone=&#8221;2em&#8221; body_font_select=&#8221;default&#8221; body_font=&#8221;||||&#8221; body_line_height=&#8221;2em&#8221; body_line_height_tablet=&#8221;2em&#8221; body_line_height_phone=&#8221;2em&#8221;]<\/p>\n<table border=\"0\" width=\"100%\" cellspacing=\"1\" cellpadding=\"10\">\n<tbody>\n<tr>\n<td valign=\"top\" bgcolor=\"#e5e5e5\" width=\"50%\"><a href=\"http:\/\/portal.goumh.umh.es\/tutoriales\/quick-video-clips\"><img loading=\"lazy\" class=\"alignnone wp-image-1054\" src=\"http:\/\/gsuite.umh.es\/files\/2018\/02\/play-1073616_640-300x300.png\" alt=\"play-1073616_640\" width=\"18\" height=\"18\" srcset=\"https:\/\/workspace.umh.es\/files\/2018\/02\/play-1073616_640-300x300.png 300w, https:\/\/workspace.umh.es\/files\/2018\/02\/play-1073616_640-150x150.png 150w, https:\/\/workspace.umh.es\/files\/2018\/02\/play-1073616_640-160x160.png 160w, https:\/\/workspace.umh.es\/files\/2018\/02\/play-1073616_640-320x320.png 320w, https:\/\/workspace.umh.es\/files\/2018\/02\/play-1073616_640.png 640w\" sizes=\"(max-width: 18px) 100vw, 18px\" \/>\u00a0<\/a>V\u00eddeos de Google Drive<\/td>\n<td valign=\"top\" bgcolor=\"#e5e5e5\" width=\"50%\"><b>(2:00 &#8211; 8:00)<\/b>\u00a0V\u00eddeos de corta duraci\u00f3n sobre c\u00f3mo crear y compartir documentos y hojas de c\u00e1lculo con Google Docs, as\u00ed como configurar formularios para recopilar datos de otras personas.<\/td>\n<\/tr>\n<\/tbody>\n<\/table>\n<p>&nbsp;<br \/>\n&nbsp;<br \/>\n&nbsp;<br \/>\n[\/et_pb_tab][et_pb_tab title=&#8221;Sugerencias did\u00e1cticas&#8221; tab_font_select=&#8221;default&#8221; tab_font=&#8221;||||&#8221; tab_line_height=&#8221;2em&#8221; tab_line_height_tablet=&#8221;2em&#8221; tab_line_height_phone=&#8221;2em&#8221; body_font_select=&#8221;default&#8221; body_font=&#8221;||||&#8221; body_line_height=&#8221;2em&#8221; body_line_height_tablet=&#8221;2em&#8221; body_line_height_phone=&#8221;2em&#8221;]<\/p>\n<table border=\"0\" width=\"100%\" cellspacing=\"1\" cellpadding=\"10\">\n<tbody>\n<tr>\n<td valign=\"top\" bgcolor=\"#e5e5e5\" width=\"50%\"><b><img loading=\"lazy\" class=\"alignnone wp-image-374\" src=\"http:\/\/gsuite.umh.es\/files\/2017\/09\/GoogleDrive-300x300.png\" alt=\"GoogleDrive\" width=\"20\" height=\"20\" srcset=\"https:\/\/workspace.umh.es\/files\/2017\/09\/GoogleDrive-300x300.png 300w, https:\/\/workspace.umh.es\/files\/2017\/09\/GoogleDrive-150x150.png 150w, https:\/\/workspace.umh.es\/files\/2017\/09\/GoogleDrive-768x768.png 768w, https:\/\/workspace.umh.es\/files\/2017\/09\/GoogleDrive-1024x1024.png 1024w, https:\/\/workspace.umh.es\/files\/2017\/09\/GoogleDrive-160x160.png 160w, https:\/\/workspace.umh.es\/files\/2017\/09\/GoogleDrive-320x320.png 320w, https:\/\/workspace.umh.es\/files\/2017\/09\/GoogleDrive.png 2000w\" sizes=\"(max-width: 20px) 100vw, 20px\" \/>\u00a0Confecciona los apuntes que compartes con tus estudiantes (o tus compa\u00f1eros) con Google Drive<br \/>\n<\/b><\/td>\n<td valign=\"top\" bgcolor=\"#e5e5e5\" width=\"50%\">Todos acceder\u00e1n siempre a la \u00faltima versi\u00f3n actualizada, sin necesidad de enviar o subir de nuevo a la web los documentos modificados.<br \/>\nRecuerda que los documentos de Drive NO consumen espacio de almacenamiento.<\/td>\n<\/tr>\n<tr>\n<td valign=\"top\" bgcolor=\"#e5e5e5\" width=\"50%\"><b><img loading=\"lazy\" class=\"alignnone wp-image-374\" src=\"http:\/\/gsuite.umh.es\/files\/2017\/09\/GoogleDrive-300x300.png\" alt=\"GoogleDrive\" width=\"20\" height=\"20\" srcset=\"https:\/\/workspace.umh.es\/files\/2017\/09\/GoogleDrive-300x300.png 300w, https:\/\/workspace.umh.es\/files\/2017\/09\/GoogleDrive-150x150.png 150w, https:\/\/workspace.umh.es\/files\/2017\/09\/GoogleDrive-768x768.png 768w, https:\/\/workspace.umh.es\/files\/2017\/09\/GoogleDrive-1024x1024.png 1024w, https:\/\/workspace.umh.es\/files\/2017\/09\/GoogleDrive-160x160.png 160w, https:\/\/workspace.umh.es\/files\/2017\/09\/GoogleDrive-320x320.png 320w, https:\/\/workspace.umh.es\/files\/2017\/09\/GoogleDrive.png 2000w\" sizes=\"(max-width: 20px) 100vw, 20px\" \/>\u00a0Sube a Drive tus documentos de Office o PDF.<\/b><\/td>\n<td valign=\"top\" bgcolor=\"#e5e5e5\" width=\"50%\">Podr\u00e1s subir pr\u00e1cticamente todo tipo de archivos y utilizar una direcci\u00f3n web para acceder a ellos, olvidando definitivamente los ficheros adjuntos.<\/td>\n<\/tr>\n<tr>\n<td valign=\"top\" bgcolor=\"#e5e5e5\" width=\"50%\"><b><img loading=\"lazy\" class=\"alignnone wp-image-374\" src=\"http:\/\/gsuite.umh.es\/files\/2017\/09\/GoogleDrive-300x300.png\" alt=\"GoogleDrive\" width=\"20\" height=\"20\" srcset=\"https:\/\/workspace.umh.es\/files\/2017\/09\/GoogleDrive-300x300.png 300w, https:\/\/workspace.umh.es\/files\/2017\/09\/GoogleDrive-150x150.png 150w, https:\/\/workspace.umh.es\/files\/2017\/09\/GoogleDrive-768x768.png 768w, https:\/\/workspace.umh.es\/files\/2017\/09\/GoogleDrive-1024x1024.png 1024w, https:\/\/workspace.umh.es\/files\/2017\/09\/GoogleDrive-160x160.png 160w, https:\/\/workspace.umh.es\/files\/2017\/09\/GoogleDrive-320x320.png 320w, https:\/\/workspace.umh.es\/files\/2017\/09\/GoogleDrive.png 2000w\" sizes=\"(max-width: 20px) 100vw, 20px\" \/>\u00a0Convierte documentos de Office o PDF en documentos de Drive<\/b><\/td>\n<td valign=\"top\" bgcolor=\"#e5e5e5\" width=\"50%\">Dotar\u00e1s a tus archivos de todas las funcionalidades de Drive: acceso compartido a la edici\u00f3n, comentarios, publicaci\u00f3n en web, &#8230;<\/td>\n<\/tr>\n<tr>\n<td valign=\"top\" bgcolor=\"#e5e5e5\" width=\"50%\"><b><img loading=\"lazy\" class=\"alignnone wp-image-374\" src=\"http:\/\/gsuite.umh.es\/files\/2017\/09\/GoogleDrive-300x300.png\" alt=\"GoogleDrive\" width=\"20\" height=\"20\" srcset=\"https:\/\/workspace.umh.es\/files\/2017\/09\/GoogleDrive-300x300.png 300w, https:\/\/workspace.umh.es\/files\/2017\/09\/GoogleDrive-150x150.png 150w, https:\/\/workspace.umh.es\/files\/2017\/09\/GoogleDrive-768x768.png 768w, https:\/\/workspace.umh.es\/files\/2017\/09\/GoogleDrive-1024x1024.png 1024w, https:\/\/workspace.umh.es\/files\/2017\/09\/GoogleDrive-160x160.png 160w, https:\/\/workspace.umh.es\/files\/2017\/09\/GoogleDrive-320x320.png 320w, https:\/\/workspace.umh.es\/files\/2017\/09\/GoogleDrive.png 2000w\" sizes=\"(max-width: 20px) 100vw, 20px\" \/>\u00a0Organiza tus ficheros de calificaciones en Hojas de C\u00e1lculo de Drive<\/b><\/td>\n<td valign=\"top\" bgcolor=\"#e5e5e5\" width=\"50%\">Siempre las tendr\u00e1s accesibles y actualizadas desde cualquier lugar.<\/td>\n<\/tr>\n<tr>\n<td valign=\"top\" bgcolor=\"#e5e5e5\" width=\"50%\"><b><img loading=\"lazy\" class=\"alignnone wp-image-1054\" src=\"http:\/\/gsuite.umh.es\/files\/2018\/02\/play-1073616_640-300x300.png\" alt=\"play-1073616_640\" width=\"18\" height=\"18\" srcset=\"https:\/\/workspace.umh.es\/files\/2018\/02\/play-1073616_640-300x300.png 300w, https:\/\/workspace.umh.es\/files\/2018\/02\/play-1073616_640-150x150.png 150w, https:\/\/workspace.umh.es\/files\/2018\/02\/play-1073616_640-160x160.png 160w, https:\/\/workspace.umh.es\/files\/2018\/02\/play-1073616_640-320x320.png 320w, https:\/\/workspace.umh.es\/files\/2018\/02\/play-1073616_640.png 640w\" sizes=\"(max-width: 18px) 100vw, 18px\" \/>\u00a0Utiliza Formularios para lanzar encuestas a tus estudiantes<\/b><a href=\"https:\/\/www.youtube.com\/watch?v=LMFoajXjwkA\" target=\"_blank\" rel=\"noopener noreferrer\">Crear y editar formularios<\/a><br \/>\n<a href=\"https:\/\/support.google.com\/a\/answer\/6022363?hl=es&amp;ref_topic=2498056\" target=\"_blank\" rel=\"noopener noreferrer\">Aplicaciones de Google Drive para m\u00f3viles<\/a><\/td>\n<td valign=\"top\" bgcolor=\"#e5e5e5\" width=\"50%\">Crea f\u00e1cilmente encuestas para dinamizar tus clases con preguntas y respuestas r\u00e1pidas. Aprovecha la funcionalidad de Google Drive para m\u00f3viles.<\/td>\n<\/tr>\n<tr>\n<td valign=\"top\" bgcolor=\"#e5e5e5\" width=\"50%\"><b><img loading=\"lazy\" class=\"alignnone wp-image-1054\" src=\"http:\/\/gsuite.umh.es\/files\/2018\/02\/play-1073616_640-300x300.png\" alt=\"play-1073616_640\" width=\"18\" height=\"18\" srcset=\"https:\/\/workspace.umh.es\/files\/2018\/02\/play-1073616_640-300x300.png 300w, https:\/\/workspace.umh.es\/files\/2018\/02\/play-1073616_640-150x150.png 150w, https:\/\/workspace.umh.es\/files\/2018\/02\/play-1073616_640-160x160.png 160w, https:\/\/workspace.umh.es\/files\/2018\/02\/play-1073616_640-320x320.png 320w, https:\/\/workspace.umh.es\/files\/2018\/02\/play-1073616_640.png 640w\" sizes=\"(max-width: 18px) 100vw, 18px\" \/>\u00a0Crea ex\u00e1menes online autocorregibles con los Formularios de Drive<\/b><a href=\"http:\/\/youtu.be\/QJ60szcUbBE\" target=\"_blank\" rel=\"noopener noreferrer\">Activa tu script de Flubaroo<\/a><\/td>\n<td valign=\"top\" bgcolor=\"#e5e5e5\" width=\"50%\">Crea tus ex\u00e1menes online con un Formulario de Drieve y gestiona la autocorrecci\u00f3n.<br \/>\nEn Formularios de Drive dentro de GoUmh SIEMPRE podr\u00e1s reconocer a tus estudiantes mediante su acceso identificado.<\/td>\n<\/tr>\n<\/tbody>\n<\/table>\n<p>&nbsp;<br \/>\n[\/et_pb_tab] [\/et_pb_tabs][\/et_pb_column_inner][\/et_pb_row_inner][\/et_pb_column][\/et_pb_section]<\/p>","protected":false},"excerpt":{"rendered":"<p>[et_pb_section admin_label=&#8221;Secci\u00f3n&#8221; fullwidth=&#8221;off&#8221; specialty=&#8221;on&#8221; transparent_background=&#8221;off&#8221; allow_player_pause=&#8221;off&#8221; inner_shadow=&#8221;off&#8221; parallax=&#8221;off&#8221; parallax_method=&#8221;off&#8221; padding_mobile=&#8221;off&#8221; make_fullwidth=&#8221;on&#8221; use_custom_width=&#8221;off&#8221; width_unit=&#8221;on&#8221; make_equal=&#8221;off&#8221; use_custom_gutter=&#8221;off&#8221; parallax_1=&#8221;off&#8221; parallax_method_1=&#8221;off&#8221; parallax_2=&#8221;off&#8221; parallax_method_2=&#8221;off&#8221;][et_pb_column type=&#8221;1_4&#8243;][et_pb_sidebar admin_label=&#8221;Barra lateral&#8221; orientation=&#8221;left&#8221; area=&#8221;sidebar-1&#8243; background_layout=&#8221;light&#8221; remove_border=&#8221;off&#8221;] &nbsp; [\/et_pb_sidebar][\/et_pb_column][et_pb_column type=&#8221;3_4&#8243; specialty_columns=&#8221;3&#8243;][et_pb_row_inner admin_label=&#8221;Fila&#8221;][et_pb_column_inner type=&#8221;4_4&#8243; saved_specialty_column_type=&#8221;3_4&#8243;][et_pb_text admin_label=&#8221;Texto&#8221;&#46;&#46;&#46;<\/p>\n","protected":false},"author":1159,"featured_media":0,"parent":632,"menu_order":6,"comment_status":"closed","ping_status":"closed","template":"","meta":{"_links_to":"","_links_to_target":""},"_links":{"self":[{"href":"https:\/\/workspace.umh.es\/ca\/wp-json\/wp\/v2\/pages\/706"}],"collection":[{"href":"https:\/\/workspace.umh.es\/ca\/wp-json\/wp\/v2\/pages"}],"about":[{"href":"https:\/\/workspace.umh.es\/ca\/wp-json\/wp\/v2\/types\/page"}],"author":[{"embeddable":true,"href":"https:\/\/workspace.umh.es\/ca\/wp-json\/wp\/v2\/users\/1159"}],"replies":[{"embeddable":true,"href":"https:\/\/workspace.umh.es\/ca\/wp-json\/wp\/v2\/comments?post=706"}],"version-history":[{"count":0,"href":"https:\/\/workspace.umh.es\/ca\/wp-json\/wp\/v2\/pages\/706\/revisions"}],"up":[{"embeddable":true,"href":"https:\/\/workspace.umh.es\/ca\/wp-json\/wp\/v2\/pages\/632"}],"wp:attachment":[{"href":"https:\/\/workspace.umh.es\/ca\/wp-json\/wp\/v2\/media?parent=706"}],"curies":[{"name":"wp","href":"https:\/\/api.w.org\/{rel}","templated":true}]}}