{"id":442,"date":"2019-11-07T12:04:55","date_gmt":"2019-11-07T12:04:55","guid":{"rendered":"http:\/\/gsuite.edu.umh.es\/?page_id=442"},"modified":"2022-10-18T13:09:04","modified_gmt":"2022-10-18T11:09:04","slug":"buzones-compartidos-y-listas-de-distribucion-de-correo-electronico-corporativo","status":"publish","type":"page","link":"https:\/\/workspace.umh.es\/ca\/buzones-compartidos-y-listas-de-distribucion-de-correo-electronico-corporativo\/","title":{"rendered":"Buzones compartidos y listas de distribuci\u00f3n de correo electr\u00f3nico corporativo"},"content":{"rendered":"<p>[et_pb_section admin_label=&#8221;section&#8221;][et_pb_row admin_label=&#8221;row&#8221;][et_pb_column type=&#8221;4_4&#8243;][et_pb_text admin_label=&#8221;Texto&#8221; background_layout=&#8221;light&#8221; text_orientation=&#8221;left&#8221; use_border_color=&#8221;off&#8221; border_color=&#8221;#ffffff&#8221; border_style=&#8221;solid&#8221;]<br \/>\n<a name=\"Buzonescompartidosylistasdedistribuci%C3%B3ndecorreoelectr%C3%B3nicocorporativo-Cuentasdecorreoelectr%C3%B3nicodeusocolectivo\"><\/a><\/p>\n<h1 style=\"text-align: justify\">Cuentas de correo electr\u00f3nico de uso colectivo<\/h1>\n<p style=\"text-align: justify\"><span style=\"color: #000000\"><strong>Tabla de contenidos<\/strong><\/span><\/p>\n<div class=\"toc-macro client-side-toc-macro  conf-macro output-block hidden-outline\" style=\"text-align: justify\" data-hasbody=\"false\" data-headerelements=\"H1,H2,H3,H4,H5,H6,H7\" data-macro-name=\"toc\">\n<ul>\n<li><span class=\"toc-item-body\" data-outline=\"1\"><a class=\"toc-link\" href=\"#Buzonescompartidosylistasdedistribuci%C3%B3ndecorreoelectr%C3%B3nicocorporativo-Cuentasdecorreoelectr%C3%B3nicodeusocolectivo\">Cuentas de correo electr\u00f3nico de uso colectivo<\/a><\/span>\n<ul>\n<li><span class=\"toc-item-body\" data-outline=\"1.1\"><a class=\"toc-link\" href=\"#Buzonescompartidosylistasdedistribuci%C3%B3ndecorreoelectr%C3%B3nicocorporativo-Caracter%C3%ADsticasgenerales\">Caracter\u00edsticas generales<\/a><\/span><\/li>\n<li><span class=\"toc-item-body\" data-outline=\"1.2\"><a class=\"toc-link\" href=\"#Buzonescompartidosylistasdedistribuci%C3%B3ndecorreoelectr%C3%B3nicocorporativo-C%C3%B3mosolicitarloya%C3%B1adiroeliminarmiembros\">C\u00f3mo solicitarlo y a\u00f1adir o eliminar miembros<\/a><\/span><\/li>\n<li><span class=\"toc-item-body\" data-outline=\"1.3\"><a class=\"toc-link\" href=\"#Buzonescompartidosylistasdedistribuci%C3%B3ndecorreoelectr%C3%B3nicocorporativo-Diferenciasentrelostiposdecuentadecorreoelectr%C3%B3nicodeusocolectivo\/adicional\">Diferencias entre los tipos de cuenta de correo electr\u00f3nico de uso colectivo\/adicional<\/a><\/span>\n<ul>\n<li><span class=\"toc-item-body\" data-outline=\"1.3.1\"><a class=\"toc-link\" href=\"#Buzonescompartidosylistasdedistribuci%C3%B3ndecorreoelectr%C3%B3nicocorporativo--Buz%C3%B3ncompartido\">&#8211;\u00a0Buz\u00f3n compartido<\/a><\/span><\/li>\n<li><span class=\"toc-item-body\" data-outline=\"1.3.2\"><a class=\"toc-link\" href=\"#Buzonescompartidosylistasdedistribuci%C3%B3ndecorreoelectr%C3%B3nicocorporativo--CalendaroDriveenunbuz%C3%B3ncompartido\">&#8211;\u00a0Calendar o Drive en un buz\u00f3n compartido<\/a><\/span><\/li>\n<li><span class=\"toc-item-body\" data-outline=\"1.3.3\"><a class=\"toc-link\" href=\"#Buzonescompartidosylistasdedistribuci%C3%B3ndecorreoelectr%C3%B3nicocorporativo--Listadedistribuci%C3%B3n\">&#8211;\u00a0Lista de distribuci\u00f3n<\/a><\/span><\/li>\n<\/ul>\n<\/li>\n<li><span class=\"toc-item-body\" data-outline=\"1.4\"><a class=\"toc-link\" href=\"#Buzonescompartidosylistasdedistribuci%C3%B3ndecorreoelectr%C3%B3nicocorporativo-Cambiosdefuncionalidadenlascuentasdecorreoelectr%C3%B3nicodeusocolectivo\/adicionalenfuncionamiento\">Cambios de funcionalidad en las cuentas de correo electr\u00f3nico de uso colectivo\/adicional\u00a0en funcionamiento<\/a><\/span><\/li>\n<li><span class=\"toc-item-body\" data-outline=\"1.5\"><a class=\"toc-link\" href=\"#Buzonescompartidosylistasdedistribuci%C3%B3ndecorreoelectr%C3%B3nicocorporativo-Tiemponecesarioparaefectuaruncambio\">Tiempo necesario para efectuar un cambio<\/a><\/span><\/li>\n<\/ul>\n<\/li>\n<\/ul>\n<\/div>\n<p style=\"text-align: justify\"><strong>\u00a0<\/strong><\/p>\n<hr \/>\n<p style=\"text-align: justify\"><span style=\"color: #000000\">En la\u00a0Universidad Miguel Hern\u00e1ndez (UMH)\u00a0existen dos tipos principales de\u00a0<strong>cuentas de correo electr\u00f3nico<\/strong>\u00a0(correo-e)\u00a0<strong>de uso colectivo<\/strong>, adicionales a la corporativa de uso individual, todas con implementaci\u00f3n y soporte propio del Servicio de Innovaci\u00f3n y basadas en G Suite:<\/span><\/p>\n<ol style=\"text-align: justify\">\n<li><span style=\"color: #000000\">Buz\u00f3n compartido.<\/span><\/li>\n<li><span style=\"color: #000000\">Lista de distribuci\u00f3n de correo (Google Groups).\u00a0 Notad que esta incluye lo que, hasta ahora, conoc\u00edamos como &#8216;Alias b\u00e1sico&#8217;.<\/span><\/li>\n<\/ol>\n<p style=\"text-align: justify\"><a name=\"Buzonescompartidosylistasdedistribuci%C3%B3ndecorreoelectr%C3%B3nicocorporativo-Caracter%C3%ADsticasgenerales\"><\/a><\/p>\n<h2 style=\"text-align: justify\"><strong>Caracter\u00edsticas generales<\/strong><\/h2>\n<p style=\"text-align: justify\"><span style=\"color: #000000\">Dependiendo del tipo de la cuenta de correo electr\u00f3nico de uso colectivo\/adicional que se elija, \u00e9stas tienen unas caracter\u00edsticas diferenciadas y limitaci\u00f3n del n\u00famero de usuarios;<\/span><\/p>\n<ul style=\"text-align: justify\">\n<li><span style=\"color: #000000\"><strong>Buz\u00f3n compartido:<\/strong>\u00a0limitado a 25 a cuentas corporativas (s\u00f3lo del dominio @goumh.umh.es).<\/span><\/li>\n<li><span style=\"color: #000000\"><strong>Lista de distribuci\u00f3n:<\/strong>\u00a0\u00a0ilimitado a cuentas corporativas (@goumh.umh.es)) y limitado a 4000 cuentas externas (no UMH).<\/span><\/li>\n<\/ul>\n<div class=\"confluence-information-macro confluence-information-macro-warning conf-macro output-block\" style=\"text-align: justify\" data-hasbody=\"true\" data-macro-name=\"warning\">\n<div class=\"confluence-information-macro-body\">[box type=&#8221;info&#8221;]<strong><span style=\"color: #000000\"> En un buz\u00f3n compartido &#8216;s\u00f3lo hay una copia&#8217; de cada mensaje de correo electr\u00f3nico recibido; si uno de los integrantes del buz\u00f3n compartido lo borra, \u00e9ste es borrado del buz\u00f3n. En cambio, en las listas los usuarios miembros reciben copias individuales del correo original, de forma que lo que haga cada uno con la suya no afecta a la copia del resto de los integrantes.<\/span><\/strong>[\/box]<\/div>\n<\/div>\n<p style=\"text-align: justify\"><a name=\"Buzonescompartidosylistasdedistribuci%C3%B3ndecorreoelectr%C3%B3nicocorporativo-C%C3%B3mosolicitarloya%C3%B1adiroeliminarmiembros\"><\/a><\/p>\n<h2 style=\"text-align: justify\"><span style=\"color: #000000\"><strong>C\u00f3mo solicitarlo y a\u00f1adir o eliminar miembros<\/strong><\/span><\/h2>\n<p style=\"text-align: justify\"><span style=\"color: #000000\">La solicitud de alta va impl\u00edcita al acto de a\u00f1adir el primer miembro. Para modificar los integrantes de los dos tipos de cuentas de correo electr\u00f3nico de uso colectivo\/adicional, se proceder\u00e1 de la siguiente manera:<\/span><br \/>\n<span style=\"color: #000000\"><strong>&#8211; Buz\u00f3n compartido:<\/strong>\u00a0(Creaci\u00f3n y mantenimiento) mediante el formulario SPI \u2013 &#8216;<\/span><a class=\"external-link\" href=\"https:\/\/e-ujier.uji.es\/pls\/www\/!gri_ass.spi020102?p_proc=742&amp;p_tema=12\" rel=\"nofollow\">Solicitud de buz\u00f3n compartido<\/a>&#8216;.<\/p>\n<p style=\"text-align: justify\"><span style=\"color: #000000\"><strong>&#8211;\u00a0Lista de distribuci\u00f3n de correo:<\/strong><\/span>\u00a0(Creaci\u00f3n) mediante el formulario SPI \u2013 &#8216;<a class=\"external-link\" href=\"https:\/\/e-ujier.uji.es\/pls\/www\/!gri_ass.spi020102?p_proc=658&amp;p_tema=12\" rel=\"nofollow\">Solicitud de lista de distribuci\u00f3n de correo<\/a>&#8216;. Para solicitar moderar una lista manual (no autom\u00e1tica), se deber\u00e1 solicitar mediante el parte SPI \u2013 &#8216;<a class=\"external-link\" href=\"https:\/\/e-ujier.uji.es\/pls\/www\/!gri_ass.spi020102?p_proc=625&amp;p_tema=12\" rel=\"nofollow\">Petici\u00f3n de moderaci\u00f3n de listas de correo<\/a>&#8216;.<\/p>\n<p style=\"text-align: justify\">Los formularios los\u00a0podr\u00e1 encontrar en el IGL\u00da, apartado\u00a0<a class=\"external-link\" href=\"https:\/\/e-ujier.uji.es\/pls\/www\/gri_ass.spi020001\" rel=\"nofollow\">Formularios peticiones SPI<\/a>.<\/p>\n<p style=\"text-align: justify\">Para pedir la baja, ha de hacerse v\u00eda el\u00a0<a href=\"https:\/\/cau.umh.es\/\" target=\"_blank\" rel=\"noopener noreferrer\">CAU\u00a0<\/a>(impl\u00edcitamente se puede hacer pidiendo la eliminaci\u00f3n de todos los miembros). Para el caso de listas de distribuci\u00f3n ten\u00e9is m\u00e1s informaci\u00f3n\u00a0<a href=\"https:\/\/jira.uji.es\/confluence\/pages\/viewpage.action?pageId=49818631#Buzonescompartidosylistasdedistribuci%C3%B3ndecorreoelectr%C3%B3nicocorporativo-Llista\">aqu\u00ed<\/a>.<br \/>\n<a name=\"Buzonescompartidosylistasdedistribuci%C3%B3ndecorreoelectr%C3%B3nicocorporativo-Diferenciasentrelostiposdecuentadecorreoelectr%C3%B3nicodeusocolectivo\/adicional\"><\/a><\/p>\n<h2 style=\"text-align: justify\"><strong>Diferencias entre los tipos de cuenta de correo electr\u00f3nico de uso colectivo\/adicional<\/strong><\/h2>\n<p style=\"text-align: justify\"><a name=\"Buzonescompartidosylistasdedistribuci%C3%B3ndecorreoelectr%C3%B3nicocorporativo--Buz%C3%B3ncompartido\"><\/a><\/p>\n<h3 style=\"text-align: justify\"><strong>&#8211;\u00a0Buz\u00f3n compartido<\/strong><\/h3>\n<p style=\"text-align: justify\">Google trata este tipo como si fuera una cuenta de usuario, es decir, dispone de su propio acceso a la cuenta. Para acceder al buz\u00f3n hay que entrar primero a la cuenta de usuario personal UMH desde el gmail.umh.es (<em>usuario\/clave de acceso<\/em>). Es una cuenta completa, con su bandeja de entrada y dem\u00e1s funcionalidades, as\u00ed como servicios de G Suite for Education (Google Calendar, Google Drive, etc.).<\/p>\n<p style=\"text-align: justify\">Una vez autenticado en el\u00a0<a class=\"external-link\" href=\"http:\/\/sso.uji.es\/\" rel=\"nofollow\">SSO\u00a0<\/a>y accedido al sistema de correo de Gmail, en la parte superior derecha, pulsar sobre el icono del perfil para desplegar un men\u00fa, al pulsar sobre el nombre del buz\u00f3n se abrir\u00e1 en ventana nueva, el acceso al INBOX de buz\u00f3n compartido.\n<\/p>\n<div class=\"confluence-information-macro confluence-information-macro-warning conf-macro output-block\" style=\"text-align: justify\" data-hasbody=\"true\" data-macro-name=\"warning\">\n<div class=\"confluence-information-macro-body\">[box type=&#8221;info&#8221;]<span style=\"color: #000000\"><strong>\u00a0<\/strong>Esto s\u00f3lo sucede si eres miembro de alg\u00fan buz\u00f3n compartido, si no lo eres, aparecer\u00e1 s\u00f3lo la configuraci\u00f3n de su cuenta UMH.<\/span>[\/box]<\/div>\n<\/div>\n<p style=\"text-align: justify\"><strong>El buz\u00f3n compartido no env\u00eda copia de los mensajes recibidos a los miembros como hace un alias, por tanto, se debe revisar la bandeja de entrada desde la propia cuenta del buz\u00f3n compartido.<\/strong><\/p>\n<div class=\"confluence-information-macro confluence-information-macro-warning conf-macro output-block\" style=\"text-align: justify\" data-hasbody=\"true\" data-macro-name=\"warning\">\n<div class=\"confluence-information-macro-body\">\nEn caso de disponer de un gestor de correo (<em>Thunderbird, Outlook<\/em>) y no saber configurarlo, deber\u00e1 solicitar ayuda a un operador, mediante un parte\u00a0<a class=\"external-link\" href=\"https:\/\/cau.umh.es\/\" target=\"_blank\" rel=\"nofollow noopener noreferrer\">CAU<\/a>, la instalaci\u00f3n del buz\u00f3n compartido.\n<\/div>\n<\/div>\n<p style=\"text-align: justify\">Las listas de distribuci\u00f3n de correo electr\u00f3nico basadas en Google Grups pueden ser\u00a0<strong>autom\u00e1ticas<\/strong>\u00a0o\u00a0<strong>manuales<\/strong>.<br \/>\n<a name=\"Buzonescompartidosylistasdedistribuci%C3%B3ndecorreoelectr%C3%B3nicocorporativo--CalendaroDriveenunbuz%C3%B3ncompartido\"><\/a><\/p>\n<h3 style=\"text-align: justify\"><strong>&#8211;\u00a0Calendar o Drive en un buz\u00f3n compartido<\/strong><\/h3>\n<p style=\"text-align: justify\">Para a\u00f1adir un calendario o una carpeta del Drive asociada a un buz\u00f3n compartido es necesario solicitarlo mediante un parte\u00a0<a class=\"external-link\" href=\"https:\/\/ujiapps.uji.es\/cau\/rest\/parte\/public\/listado\" rel=\"nofollow\">CAU<\/a>\u00a0(Centro de Atenci\u00f3n a Usuarios) para que un t\u00e9cnico gestione la incorporaci\u00f3n de esta funcionalidad.<br \/>\n<a name=\"Buzonescompartidosylistasdedistribuci%C3%B3ndecorreoelectr%C3%B3nicocorporativo--Listadedistribuci%C3%B3n\"><\/a><\/p>\n<h3 style=\"text-align: justify\"><strong>&#8211;\u00a0Lista de distribuci\u00f3n<\/strong><\/h3>\n<p style=\"text-align: justify\">Las listas autom\u00e1ticas son nutridas de usuarios [v\u00eda el sistema de administraci\u00f3n de Google Groups]\u00a0desde el ERP corporativo , bien por tipo de vinculaci\u00f3n (por ejemplo, todos los miembros de una Unidad Organizativa, como un servicio de la UMH), bien colectivos que cumplen alguna condici\u00f3n dada (por ejemplo, todo el PDI). No hay que hacer nada por parte del responsable o moderador para mantener los miembros que forman parte de ella. La configuraci\u00f3n viene predeterminada con los criterios con los que se gener\u00f3. Estas listas son gestionadas \u00edntegramente por la Universidad Miguel Hern\u00e1ndez de Elche; aunque el usuario solicite la baja, si sigue cumpliendo los requisitos de pertenencia a la lista, seguir\u00e1 apareciendo en la misma.<\/p>\n<p style=\"text-align: justify\">Las manuales, como su nombre indica, son totalmente gestionadas por el responsable o moderador y bajo su responsabilidad; la pertenencia es nominal. El mantenimiento de los usuarios que la conforman se hace a trav\u00e9s del m\u00f3dulo &#8220;<a class=\"external-link\" href=\"https:\/\/e-ujier.uji.es\/pls\/www\/!uji_google.control_listas.admin\" rel=\"nofollow\">Consulta y gesti\u00f3n de listas, buzones y alias<\/a>&#8221; dentro del\u00a0<a class=\"external-link\" href=\"https:\/\/www.uji.es\/upo\/rest\/iglu\/\" rel=\"nofollow\">IGL\u00da<\/a>.<\/p>\n<p style=\"text-align: justify\">La lista de distribuci\u00f3n de correo no posee bandeja de entrada a la vista ni ninguna de las funcionalidades de una cuenta de correo electr\u00f3nico est\u00e1ndar. Funcionan enviando un correo electr\u00f3nico a la direcci\u00f3n de la lista, siendo una copia de \u00e9ste reenviada a cada uno de los miembros para que \u00e9stos los lean en los INBOX\u00a0de las cuentas de correo con las que est\u00e1n suscritos.<\/p>\n<div class=\"confluence-information-macro confluence-information-macro-warning conf-macro output-block\" style=\"text-align: justify\" data-hasbody=\"true\" data-macro-name=\"warning\">\n<div class=\"confluence-information-macro-body\">\n<strong><span id=\"Buzonescompartidosylistasdedistribuci\u00f3ndecorreoelectr\u00f3nicocorporativo-Llista\" class=\"confluence-anchor-link conf-macro output-inline\" data-hasbody=\"false\" data-macro-name=\"anchor\"><\/span>&gt; En las listas autom\u00e1ticas no es posible darse de baja, mientras que en las manuales s\u00ed<\/strong>\u00a0(solicit\u00e1ndolo al propietario de la lista).<br \/>\n<strong>&gt; Un usuario puede conocer a qu\u00e9 listas o alias est\u00e1 suscrito\u00a0a trav\u00e9s del m\u00f3dulo &#8220;<a class=\"external-link\" href=\"https:\/\/e-ujier.uji.es\/pls\/www\/!uji_google.control_listas.admin\" rel=\"nofollow\"><span style=\"text-decoration: underline\">Consulta y gesti\u00f3n de listas, buzones y alias<\/span><\/a>&#8221; dentro del\u00a0<a class=\"external-link\" href=\"https:\/\/www.uji.es\/upo\/rest\/iglu\/\" rel=\"nofollow\"><span style=\"text-decoration: underline\">IGL\u00da<\/span><\/a>.\u00a0<\/strong>Adem\u00e1s, en el caso de algunas listas (las &#8216;no corporativas&#8217;), el usuario puede &#8216;(marcar que no vull rebre correus d&#8217;aquesta llista\/marcar que no quiero recibir correos de esta lista)&#8217;.\n<\/div>\n<\/div>\n<p style=\"text-align: justify\"><a name=\"Buzonescompartidosylistasdedistribuci%C3%B3ndecorreoelectr%C3%B3nicocorporativo-Cambiosdefuncionalidadenlascuentasdecorreoelectr%C3%B3nicodeusocolectivo\/adicionalenfuncionamiento\"><\/a><\/p>\n<h2 style=\"text-align: justify\"><strong>Cambios de funcionalidad en<\/strong>\u00a0<strong>las cuentas de correo electr\u00f3nico de uso colectivo\/adicional\u00a0<\/strong><strong>en funcionamiento<\/strong><\/h2>\n<p style=\"text-align: justify\">Si est\u00e1 utilizando una lista de correo y quiere cambiarlo a buz\u00f3n compartido manteniendo el mismo nombre o cambi\u00e1ndolo por otro distinto,\u00a0<strong>deber\u00e1 tener muy en cuenta<\/strong>\u00a0que\u00a0<span style=\"text-decoration: underline\">este cambio comporta la eliminaci\u00f3n del alias vigente para poder generar el nuevo<\/span>.\u00a0<strong>Este cambio conlleva la p\u00e9rdida no recuperable de todos los mensajes que puedan existir en ese momento.<\/strong>\u00a0Durante el tiempo que dure el proceso de cambio no entrar\u00e1n nuevos mensajes con la consiguiente p\u00e9rdida de los mismos.\u00a0<strong>S\u00f3lo el buz\u00f3n compartido permite migrar todo el contenido a otro<\/strong>.<br \/>\n<a name=\"Buzonescompartidosylistasdedistribuci%C3%B3ndecorreoelectr%C3%B3nicocorporativo-Tiemponecesarioparaefectuaruncambio\"><\/a><\/p>\n<h2 style=\"text-align: justify\"><strong>Tiempo necesario para efectuar un cambio<\/strong><\/h2>\n<p style=\"text-align: justify\">Para todos los casos, el cambio en una cuenta\u00a0de correo electr\u00f3nico de uso colectivo\/adicional tiene un tiempo estimado de al menos 48 horas desde el momento en que se solicita.\u00a0<strong>Durante ese tiempo la cuenta afectada NO podr\u00e1 recibir nuevos correos.<\/strong><\/p>\n<p style=\"text-align: justify\">La sincronizaci\u00f3n de los cambios realizados a trav\u00e9s del m\u00f3dulo\u00a0con la propia lista autom\u00e1tica se realiza todas las madrugadas (entre la 1:00 y las 4:00 horas), entrando inmediatamente en vigor, y los cambios son supervisados\u00a0por un t\u00e9cnico todas las ma\u00f1anas en horario de jornada laboral.<\/p>\n<p>[\/et_pb_text][\/et_pb_column][\/et_pb_row][\/et_pb_section]<\/p>","protected":false},"excerpt":{"rendered":"<p>[et_pb_section admin_label=&#8221;section&#8221;][et_pb_row admin_label=&#8221;row&#8221;][et_pb_column type=&#8221;4_4&#8243;][et_pb_text admin_label=&#8221;Texto&#8221; background_layout=&#8221;light&#8221; text_orientation=&#8221;left&#8221; use_border_color=&#8221;off&#8221; border_color=&#8221;#ffffff&#8221; border_style=&#8221;solid&#8221;] Cuentas de correo electr\u00f3nico de uso colectivo Tabla de contenidos Cuentas de correo electr\u00f3nico de uso colectivo Caracter\u00edsticas generales C\u00f3mo solicitarlo y a\u00f1adir o&#46;&#46;&#46;<\/p>\n","protected":false},"author":1159,"featured_media":0,"parent":0,"menu_order":0,"comment_status":"open","ping_status":"open","template":"","meta":{"_links_to":"","_links_to_target":""},"_links":{"self":[{"href":"https:\/\/workspace.umh.es\/ca\/wp-json\/wp\/v2\/pages\/442"}],"collection":[{"href":"https:\/\/workspace.umh.es\/ca\/wp-json\/wp\/v2\/pages"}],"about":[{"href":"https:\/\/workspace.umh.es\/ca\/wp-json\/wp\/v2\/types\/page"}],"author":[{"embeddable":true,"href":"https:\/\/workspace.umh.es\/ca\/wp-json\/wp\/v2\/users\/1159"}],"replies":[{"embeddable":true,"href":"https:\/\/workspace.umh.es\/ca\/wp-json\/wp\/v2\/comments?post=442"}],"version-history":[{"count":0,"href":"https:\/\/workspace.umh.es\/ca\/wp-json\/wp\/v2\/pages\/442\/revisions"}],"wp:attachment":[{"href":"https:\/\/workspace.umh.es\/ca\/wp-json\/wp\/v2\/media?parent=442"}],"curies":[{"name":"wp","href":"https:\/\/api.w.org\/{rel}","templated":true}]}}