{"id":3595,"date":"2022-10-27T13:21:29","date_gmt":"2022-10-27T11:21:29","guid":{"rendered":"https:\/\/workspace.umh.es\/?page_id=3595"},"modified":"2022-10-27T14:19:27","modified_gmt":"2022-10-27T12:19:27","slug":"solicitud-de-buzon-o-cuenta-de-correo-electronico","status":"publish","type":"page","link":"https:\/\/workspace.umh.es\/ca\/gmail\/solicitud-de-buzon-o-cuenta-de-correo-electronico\/","title":{"rendered":"<span lang=\"es\">(Espa\u00f1ol) Solicitud de buz\u00f3n o cuenta de correo electr\u00f3nico<\/span>"},"content":{"rendered":"<p class=\"qtranxs-available-languages-message qtranxs-available-languages-message-ca\">Ho sentim, aquesta entrada es troba disponible \u00fanicament en <a href=\"https:\/\/workspace.umh.es\/es\/wp-json\/wp\/v2\/pages\/3595\" class=\"qtranxs-available-language-link qtranxs-available-language-link-es\" title=\"Espa\u00f1ol\">Espanyol Europeu<\/a>.<\/p>","protected":false},"excerpt":{"rendered":"<p>Ho sentim, aquesta entrada es troba disponible \u00fanicament en Espanyol Europeu.<\/p>\n","protected":false},"author":23459,"featured_media":0,"parent":2367,"menu_order":0,"comment_status":"closed","ping_status":"closed","template":"","meta":{"_links_to":"","_links_to_target":""},"_links":{"self":[{"href":"https:\/\/workspace.umh.es\/ca\/wp-json\/wp\/v2\/pages\/3595"}],"collection":[{"href":"https:\/\/workspace.umh.es\/ca\/wp-json\/wp\/v2\/pages"}],"about":[{"href":"https:\/\/workspace.umh.es\/ca\/wp-json\/wp\/v2\/types\/page"}],"author":[{"embeddable":true,"href":"https:\/\/workspace.umh.es\/ca\/wp-json\/wp\/v2\/users\/23459"}],"replies":[{"embeddable":true,"href":"https:\/\/workspace.umh.es\/ca\/wp-json\/wp\/v2\/comments?post=3595"}],"version-history":[{"count":0,"href":"https:\/\/workspace.umh.es\/ca\/wp-json\/wp\/v2\/pages\/3595\/revisions"}],"up":[{"embeddable":true,"href":"https:\/\/workspace.umh.es\/ca\/wp-json\/wp\/v2\/pages\/2367"}],"wp:attachment":[{"href":"https:\/\/workspace.umh.es\/ca\/wp-json\/wp\/v2\/media?parent=3595"}],"curies":[{"name":"wp","href":"https:\/\/api.w.org\/{rel}","templated":true}]}}